{"id":649,"date":"2019-03-27T05:34:32","date_gmt":"2019-03-27T05:34:32","guid":{"rendered":"https:\/\/georgesetfils.be\/home\/"},"modified":"2019-07-05T14:41:27","modified_gmt":"2019-07-05T12:41:27","slug":"home","status":"publish","type":"page","link":"https:\/\/georgesetfils.be\/de\/","title":{"rendered":"HOME"},"content":{"rendered":"<p>[et_pb_section fb_built=&#8220;1&#8243; fullwidth=&#8220;on&#8220; module_id=&#8220;haut-slider&#8220; _builder_version=&#8220;3.19.5&#8243;][et_pb_fullwidth_code _builder_version=&#8220;3.19.5&#8243;][\/et_pb_fullwidth_code][\/et_pb_section][et_pb_section fb_built=&#8220;1&#8243; _builder_version=&#8220;3.0.47&#8243;][et_pb_row use_custom_width=&#8220;on&#8220; width_unit=&#8220;off&#8220; custom_width_percent=&#8220;100%&#8220; module_class=&#8220;plein-largtxt&#8220; _builder_version=&#8220;3.19.5&#8243; background_color=&#8220;#519dd0&#8243;][et_pb_column type=&#8220;4_4&#8243; _builder_version=&#8220;3.0.47&#8243; parallax=&#8220;off&#8220; parallax_method=&#8220;on&#8220;][et_pb_text _builder_version=&#8220;3.19.5&#8243; text_font=&#8220;Raleway||||||||&#8220; text_text_color=&#8220;#ffffff&#8220; text_orientation=&#8220;justified&#8220; header_font=&#8220;||||||||&#8220; header_font_size=&#8220;39px&#8220; header_text_color=&#8220;#ffffff&#8220;]<\/p>\n<h1 style=\"text-align: center;\">FUN\u00c9RARIUM GEORGES ET FILS<br \/> MALMEDY-FAYMONVILLE-VIELSAM<\/h1>\n<p style=\"text-align: center;\">Gegr\u00fcndet von Herrn Emile GEORGES im Jahre 1947, und da sie auch von zwei Generationen, sein Sohn Leopold, und sein Enkel Laurent.<\/p>\n<p style=\"text-align: center;\">Sa Gr\u00f6\u00dfe ist relativ klein und besteht aus drei Personen, wollen Herr und Frau und ihr Sohn George in Familie zu arbeiten um den bestm\u00f6glichen Service zu bieten.<\/p>\n<p style=\"text-align: center;\">Seit 1. Juli 2011 w\u00e4chst das Unternehmen und \u00fcbernimmt die Beerdigungsinstitut Libouton Vielsalm, in Zusammenarbeit mit Herrn und Frau Libouton und weiterhin Kunden \u00fcber ein Blumenladen und ein Beerdigungsinstitut und Beerdigung Elemente dienen.<\/p>\n<p>[\/et_pb_text][\/et_pb_column][\/et_pb_row][et_pb_row use_custom_width=&#8220;on&#8220; custom_width_px=&#8220;1115px&#8220; module_class_2=&#8220;video-acc&#8220; _builder_version=&#8220;3.19.5&#8243; custom_css_main_element=&#8220;padding-top:60px !important;&#8220;][et_pb_column type=&#8220;3_5&#8243; _builder_version=&#8220;3.0.47&#8243; parallax=&#8220;off&#8220; parallax_method=&#8220;on&#8220;][et_pb_text _builder_version=&#8220;3.19.5&#8243; text_font=&#8220;Raleway||||||||&#8220;]<\/p>\n<p style=\"text-align: left;\"><span style=\"color: #1f1f1f; font-size: 41px; line-height: 50px; font-weight: 900;\">ERSTER KONTAKT<\/span><\/p>\n<p style=\"text-align: left;\">Wenn wir mit dem Tod konfrontiert sind, reagieren wir nicht alle auf die gleiche Weise. Wir f\u00fchlen uns hilflos und oft ein wenig verloren.<\/p>\n<p style=\"text-align: left;\"><strong>Unser Beerdigungsinstitut ist da, um Sie in einem solchen Fall zu unterst\u00fctzen.<\/strong><\/p>\n<p style=\"text-align: left;\">Im Todesfall eines Angeh\u00f6rigen stehen wir Tag und Nacht zu Ihrer Verf\u00fcgung. Ein Anruf unter den Telefonnummern :<\/p>\n<p style=\"text-align: left;\"><a class=\"lien-phacc\" style=\"color: #337ab7;\" href=\"tel:+3280770691\"> (080\/770691)<\/a> Malmedy, oder <a class=\"lien-phacc\" style=\"color: #337ab7;\" href=\"tel:+3280679696\"> (080\/679696)<\/a> Faymonville, oder <a class=\"lien-phacc\" style=\"color: #337ab7;\" href=\"tel:+3280216331\">(080\/216331)<\/a> Vielsalm gen\u00fcgt.<\/p>\n<p style=\"text-align: left;\">Wir nehmen Ihre Angaben und schicken Ihnen eine kompetente Person, die Ihnen mit Rat und Hilfe zur Seite stehen wird und Sie durch diese schwierige Zeit f\u00fchren wird.<\/p>\n<p>[\/et_pb_text][\/et_pb_column][et_pb_column type=&#8220;2_5&#8243; _builder_version=&#8220;3.0.47&#8243; parallax=&#8220;off&#8220; parallax_method=&#8220;on&#8220; module_class=&#8220;video-acc&#8220;][et_pb_code _builder_version=&#8220;3.19.5&#8243; text_orientation=&#8220;justified&#8220;]<iframe width=\"560\" height=\"315\" src=\"https:\/\/www.youtube.com\/embed\/4-vlz23SkuE\" frameborder=\"0\" allow=\"accelerometer; autoplay; encrypted-media; gyroscope; picture-in-picture\" allowfullscreen><\/iframe>[\/et_pb_code][\/et_pb_column][\/et_pb_row][et_pb_row use_custom_width=&#8220;on&#8220; custom_width_px=&#8220;1115px&#8220; _builder_version=&#8220;3.19.5&#8243; module_alignment=&#8220;center&#8220; custom_css_main_element=&#8220;border-top: 1px solid #e5e5e5 !important;||margin-top:20px !important;&#8220;][et_pb_column type=&#8220;1_6&#8243; _builder_version=&#8220;3.0.47&#8243; parallax=&#8220;off&#8220; parallax_method=&#8220;on&#8220;][et_pb_image src=&#8220;https:\/\/georgesetfils.be\/wp-content\/uploads\/2019\/03\/img1.png&#8220; url=&#8220;http:\/\/www.fleursdedeuil.be\/&#8220; module_class=&#8220;photo-bas&#8220; _builder_version=&#8220;3.19.5&#8243;][\/et_pb_image][\/et_pb_column][et_pb_column type=&#8220;1_6&#8243; _builder_version=&#8220;3.0.47&#8243; parallax=&#8220;off&#8220; parallax_method=&#8220;on&#8220;][et_pb_image src=&#8220;https:\/\/georgesetfils.be\/wp-content\/uploads\/2019\/03\/img12.png&#8220; url=&#8220;https:\/\/www.funalia.be\/&#8220; module_class=&#8220;photo-bas&#8220; _builder_version=&#8220;3.19.5&#8243;][\/et_pb_image][\/et_pb_column][et_pb_column type=&#8220;1_6&#8243; _builder_version=&#8220;3.0.47&#8243; parallax=&#8220;off&#8220; parallax_method=&#8220;on&#8220;][et_pb_image src=&#8220;https:\/\/georgesetfils.be\/wp-content\/uploads\/2019\/03\/img3.png&#8220; url=&#8220;http:\/\/www.funeralys.be\/&#8220; module_class=&#8220;photo-bas&#8220; _builder_version=&#8220;3.19.5&#8243;][\/et_pb_image][\/et_pb_column][et_pb_column type=&#8220;1_6&#8243; _builder_version=&#8220;3.0.47&#8243; parallax=&#8220;off&#8220; parallax_method=&#8220;on&#8220;][et_pb_image src=&#8220;https:\/\/georgesetfils.be\/wp-content\/uploads\/2019\/03\/img4.png&#8220; url=&#8220;http:\/\/www.respect-dignite.be\/&#8220; module_class=&#8220;photo-bas&#8220; _builder_version=&#8220;3.19.5&#8243;][\/et_pb_image][\/et_pb_column][et_pb_column type=&#8220;1_6&#8243; _builder_version=&#8220;3.0.47&#8243; parallax=&#8220;off&#8220; parallax_method=&#8220;on&#8220;][et_pb_image src=&#8220;https:\/\/georgesetfils.be\/wp-content\/uploads\/2019\/03\/img5.jpg&#8220; url=&#8220;http:\/\/www.funerailles.be\/&#8220; module_class=&#8220;photo-bas&#8220; _builder_version=&#8220;3.19.5&#8243;][\/et_pb_image][\/et_pb_column][et_pb_column type=&#8220;1_6&#8243; _builder_version=&#8220;3.0.47&#8243; parallax=&#8220;off&#8220; parallax_method=&#8220;on&#8220;][et_pb_image src=&#8220;https:\/\/georgesetfils.be\/wp-content\/uploads\/2019\/03\/img1-1.png&#8220; url=&#8220;http:\/\/www.funebra.be\/&#8220; module_class=&#8220;photo-bas&#8220; _builder_version=&#8220;3.19.5&#8243;][\/et_pb_image][\/et_pb_column][\/et_pb_row][\/et_pb_section]<\/p>\n","protected":false},"excerpt":{"rendered":"<p>FUN\u00c9RARIUM GEORGES ET FILS MALMEDY-FAYMONVILLE-VIELSAM Gegr\u00fcndet von Herrn Emile GEORGES im Jahre 1947, und da sie auch von zwei Generationen, sein Sohn Leopold, und sein Enkel Laurent. Sa Gr\u00f6\u00dfe ist relativ klein und besteht aus drei Personen, wollen Herr und Frau und ihr Sohn George in Familie zu arbeiten um den bestm\u00f6glichen Service zu bieten. Seit 1. Juli 2011 w\u00e4chst das Unternehmen und \u00fcbernimmt die Beerdigungsinstitut Libouton Vielsalm, in Zusammenarbeit mit Herrn und Frau Libouton und weiterhin Kunden \u00fcber ein Blumenladen und ein Beerdigungsinstitut und Beerdigung Elemente dienen. ERSTER KONTAKT Wenn wir mit dem Tod konfrontiert sind, reagieren wir nicht alle auf die gleiche Weise. Wir f\u00fchlen uns hilflos und oft ein wenig verloren. Unser Beerdigungsinstitut ist da, um Sie in einem solchen Fall zu unterst\u00fctzen. Im Todesfall eines Angeh\u00f6rigen stehen wir Tag und Nacht zu Ihrer Verf\u00fcgung. Ein Anruf unter den Telefonnummern : (080\/770691) Malmedy, oder (080\/679696) Faymonville, oder (080\/216331) Vielsalm gen\u00fcgt. Wir nehmen Ihre Angaben und schicken Ihnen eine kompetente Person, die Ihnen mit Rat und Hilfe zur Seite stehen wird und Sie durch diese schwierige Zeit f\u00fchren wird.<\/p>\n","protected":false},"author":3,"featured_media":0,"parent":0,"menu_order":0,"comment_status":"closed","ping_status":"closed","template":"","meta":{"_et_pb_use_builder":"on","_et_pb_old_content":"","_et_gb_content_width":"","footnotes":""},"class_list":["post-649","page","type-page","status-publish","hentry"],"aioseo_notices":[],"yoast_head":"<!-- This site is optimized with the Yoast SEO plugin v27.3 - https:\/\/yoast.com\/product\/yoast-seo-wordpress\/ -->\n<title>HOME - Fun\u00e9rariums Georges et Fils<\/title>\n<meta name=\"robots\" content=\"index, follow, max-snippet:-1, max-image-preview:large, max-video-preview:-1\" \/>\n<link rel=\"canonical\" href=\"https:\/\/georgesetfils.be\/de\/\" \/>\n<meta property=\"og:locale\" content=\"de_DE\" \/>\n<meta property=\"og:type\" content=\"article\" \/>\n<meta property=\"og:title\" content=\"HOME - Fun\u00e9rariums Georges et Fils\" \/>\n<meta property=\"og:description\" content=\"FUN\u00c9RARIUM GEORGES ET FILS MALMEDY-FAYMONVILLE-VIELSAM Gegr\u00fcndet von Herrn Emile GEORGES im Jahre 1947, und da sie auch von zwei Generationen, sein Sohn Leopold, und sein Enkel Laurent. Sa Gr\u00f6\u00dfe ist relativ klein und besteht aus drei Personen, wollen Herr und Frau und ihr Sohn George in Familie zu arbeiten um den bestm\u00f6glichen Service zu bieten. Seit 1. Juli 2011 w\u00e4chst das Unternehmen und \u00fcbernimmt die Beerdigungsinstitut Libouton Vielsalm, in Zusammenarbeit mit Herrn und Frau Libouton und weiterhin Kunden \u00fcber ein Blumenladen und ein Beerdigungsinstitut und Beerdigung Elemente dienen. ERSTER KONTAKT Wenn wir mit dem Tod konfrontiert sind, reagieren wir nicht alle auf die gleiche Weise. Wir f\u00fchlen uns hilflos und oft ein wenig verloren. Unser Beerdigungsinstitut ist da, um Sie in einem solchen Fall zu unterst\u00fctzen. Im Todesfall eines Angeh\u00f6rigen stehen wir Tag und Nacht zu Ihrer Verf\u00fcgung. Ein Anruf unter den Telefonnummern : (080\/770691) Malmedy, oder (080\/679696) Faymonville, oder (080\/216331) Vielsalm gen\u00fcgt. Wir nehmen Ihre Angaben und schicken Ihnen eine kompetente Person, die Ihnen mit Rat und Hilfe zur Seite stehen wird und Sie durch diese schwierige Zeit f\u00fchren wird.\" \/>\n<meta property=\"og:url\" content=\"https:\/\/georgesetfils.be\/de\/\" \/>\n<meta property=\"og:site_name\" content=\"Fun\u00e9rariums Georges et Fils\" \/>\n<meta property=\"article:modified_time\" content=\"2019-07-05T12:41:27+00:00\" \/>\n<meta name=\"twitter:card\" content=\"summary_large_image\" \/>\n<meta name=\"twitter:label1\" content=\"Gesch\u00e4tzte Lesezeit\" \/>\n\t<meta name=\"twitter:data1\" content=\"3\u00a0Minuten\" \/>\n<!-- \/ Yoast SEO plugin. -->","yoast_head_json":{"title":"HOME - Fun\u00e9rariums Georges et Fils","robots":{"index":"index","follow":"follow","max-snippet":"max-snippet:-1","max-image-preview":"max-image-preview:large","max-video-preview":"max-video-preview:-1"},"canonical":"https:\/\/georgesetfils.be\/de\/","og_locale":"de_DE","og_type":"article","og_title":"HOME - Fun\u00e9rariums Georges et Fils","og_description":"FUN\u00c9RARIUM GEORGES ET FILS MALMEDY-FAYMONVILLE-VIELSAM Gegr\u00fcndet von Herrn Emile GEORGES im Jahre 1947, und da sie auch von zwei Generationen, sein Sohn Leopold, und sein Enkel Laurent. Sa Gr\u00f6\u00dfe ist relativ klein und besteht aus drei Personen, wollen Herr und Frau und ihr Sohn George in Familie zu arbeiten um den bestm\u00f6glichen Service zu bieten. Seit 1. Juli 2011 w\u00e4chst das Unternehmen und \u00fcbernimmt die Beerdigungsinstitut Libouton Vielsalm, in Zusammenarbeit mit Herrn und Frau Libouton und weiterhin Kunden \u00fcber ein Blumenladen und ein Beerdigungsinstitut und Beerdigung Elemente dienen. ERSTER KONTAKT Wenn wir mit dem Tod konfrontiert sind, reagieren wir nicht alle auf die gleiche Weise. Wir f\u00fchlen uns hilflos und oft ein wenig verloren. Unser Beerdigungsinstitut ist da, um Sie in einem solchen Fall zu unterst\u00fctzen. Im Todesfall eines Angeh\u00f6rigen stehen wir Tag und Nacht zu Ihrer Verf\u00fcgung. Ein Anruf unter den Telefonnummern : (080\/770691) Malmedy, oder (080\/679696) Faymonville, oder (080\/216331) Vielsalm gen\u00fcgt. Wir nehmen Ihre Angaben und schicken Ihnen eine kompetente Person, die Ihnen mit Rat und Hilfe zur Seite stehen wird und Sie durch diese schwierige Zeit f\u00fchren wird.","og_url":"https:\/\/georgesetfils.be\/de\/","og_site_name":"Fun\u00e9rariums Georges et Fils","article_modified_time":"2019-07-05T12:41:27+00:00","twitter_card":"summary_large_image","twitter_misc":{"Gesch\u00e4tzte Lesezeit":"3\u00a0Minuten"},"schema":{"@context":"https:\/\/schema.org","@graph":[{"@type":"WebPage","@id":"https:\/\/georgesetfils.be\/de\/","url":"https:\/\/georgesetfils.be\/de\/","name":"HOME - Fun\u00e9rariums Georges et Fils","isPartOf":{"@id":"https:\/\/georgesetfils.be\/#website"},"datePublished":"2019-03-27T05:34:32+00:00","dateModified":"2019-07-05T12:41:27+00:00","breadcrumb":{"@id":"https:\/\/georgesetfils.be\/de\/#breadcrumb"},"inLanguage":"de","potentialAction":[{"@type":"ReadAction","target":["https:\/\/georgesetfils.be\/de\/"]}]},{"@type":"BreadcrumbList","@id":"https:\/\/georgesetfils.be\/de\/#breadcrumb","itemListElement":[{"@type":"ListItem","position":1,"name":"Accueil","item":"https:\/\/georgesetfils.be\/de\/"},{"@type":"ListItem","position":2,"name":"HOME"}]},{"@type":"WebSite","@id":"https:\/\/georgesetfils.be\/#website","url":"https:\/\/georgesetfils.be\/","name":"Fun\u00e9rariums Georges et Fils","description":"Organisation de fun\u00e9railles","potentialAction":[{"@type":"SearchAction","target":{"@type":"EntryPoint","urlTemplate":"https:\/\/georgesetfils.be\/?s={search_term_string}"},"query-input":{"@type":"PropertyValueSpecification","valueRequired":true,"valueName":"search_term_string"}}],"inLanguage":"de"}]}},"_links":{"self":[{"href":"https:\/\/georgesetfils.be\/de\/wp-json\/wp\/v2\/pages\/649","targetHints":{"allow":["GET"]}}],"collection":[{"href":"https:\/\/georgesetfils.be\/de\/wp-json\/wp\/v2\/pages"}],"about":[{"href":"https:\/\/georgesetfils.be\/de\/wp-json\/wp\/v2\/types\/page"}],"author":[{"embeddable":true,"href":"https:\/\/georgesetfils.be\/de\/wp-json\/wp\/v2\/users\/3"}],"replies":[{"embeddable":true,"href":"https:\/\/georgesetfils.be\/de\/wp-json\/wp\/v2\/comments?post=649"}],"version-history":[{"count":6,"href":"https:\/\/georgesetfils.be\/de\/wp-json\/wp\/v2\/pages\/649\/revisions"}],"predecessor-version":[{"id":899,"href":"https:\/\/georgesetfils.be\/de\/wp-json\/wp\/v2\/pages\/649\/revisions\/899"}],"wp:attachment":[{"href":"https:\/\/georgesetfils.be\/de\/wp-json\/wp\/v2\/media?parent=649"}],"curies":[{"name":"wp","href":"https:\/\/api.w.org\/{rel}","templated":true}]}}