{"id":707,"date":"2019-03-27T08:51:56","date_gmt":"2019-03-27T08:51:56","guid":{"rendered":"https:\/\/georgesetfils.be\/uber\/"},"modified":"2019-06-27T09:21:36","modified_gmt":"2019-06-27T09:21:36","slug":"uber","status":"publish","type":"page","link":"https:\/\/georgesetfils.be\/de\/uber\/","title":{"rendered":"\u00dcBER"},"content":{"rendered":"<p>[et_pb_section bb_built=&#8220;1&#8243; _builder_version=&#8220;3.19.5&#8243; module_id=&#8220;haut-slider&#8220;][et_pb_row _builder_version=&#8220;3.19.5&#8243;][et_pb_column type=&#8220;2_3&#8243;][et_pb_text _builder_version=&#8220;3.19.5&#8243; module_class=&#8220;style-lienhaut&#8220;]<\/p>\n<p><a class=\"lien-phacc\" href=\"https:\/\/georgesetfils.be\/de\/uber\/\">Unser Unternehmen<\/a> | \u00dcber<\/p>\n<p>[\/et_pb_text][\/et_pb_column][et_pb_column type=&#8220;1_3&#8243;][\/et_pb_column][\/et_pb_row][et_pb_row _builder_version=&#8220;3.19.5&#8243; module_class_2=&#8220;video-acc&#8220;][et_pb_column type=&#8220;2_3&#8243;][et_pb_text _builder_version=&#8220;3.19.5&#8243; text_font=&#8220;Raleway||||||||&#8220;]<\/p>\n<h1 class=\"title-george\">\u00dcBER<\/h1>\n<h2 class=\"h2-page\">HISTORISCHER EMPFANG<\/h2>\n<p style=\"text-align: justify;\">Gegr\u00fcndet von Herrn Emile GEORGES im Jahre 1947, und da sie auch von zwei Generationen, sein Sohn Leopold, und sein Enkel Laurent.Sa Gr\u00f6\u00dfe ist relativ klein und besteht aus drei Personen, wollen Herr und Frau und ihr Sohn George in Familie zu arbeiten um den bestm\u00f6glichen Service zu bieten.<\/p>\n<p style=\"text-align: justify;\">Seit 1. Juli 2011 w\u00e4chst das Unternehmen und \u00fcbernimmt die Funeral Libouton Vielsalm, in Zusammenarbeit mit Herrn und Frau Libouton und weiterhin Kunden \u00fcber ein Blumenladen und ein Beerdigungsinstitut und Beerdigung Elemente dienen.<\/p>\n<h2 class=\"h2-page\">UNSERE LEISTUNGEN<\/h2>\n<p style=\"text-align: justify;\">Wir haben drei private Beerdigungsinstitut und die Beerdigungsinstitut kommunalen Malmedy, und drei Blumenl\u00e4den und Bestattungsbedarf auf Bereiche von Weismes, Malmedy und Vielsalm.<\/p>\n<p><p style=\"text-align: justify;\">Wir k\u00fcmmern uns ebenso wie Bestattung Feuerbestattung, wir tragen den ganzen Papierkram, Erinnerungen mit Foto-Karten, danke Karten und Beerdigung Vertr\u00e4ge erwartet.<\/p>\n<p style=\"text-align: justify;\">Krisenreaktions, 24h\/24, 7 Tage 7, einfach durch den Aufruf 080\/770 691<\/p>\n<ul>\n<li>Zu Ihren Diensten in alles Pflegeheim,  Krankenh\u00e4user und alle Entit\u00e4ten<\/li>\n<li>Immer die M\u00f6glichkeit der Platzierung einer Leichenhalle Dekoration zu Ihnen nach Hause <\/li>\n<li>Alle Vorkehrungen Beerdigung vermieden werden F\u00fcr Familien<\/li>\n<li>Aide aux formalit\u00e9s d&#8217;apr\u00e8s d\u00e9c\u00e8s<\/li>\n<li>Hilfe f\u00fcr die Formalit\u00e4ten nach dem Tod<\/li>\n<li>Die Bestattungsversicherung<\/li>\n<li>KOSTENLOSE Anmeldung Ihrer W\u00fcnsche \u00fcber Beerdigung, mit verbundenen   Versicherungs-oder Bankkonto<\/li>\n<\/ul>\n<h2 class=\"h2-page\">UNSEREN VORTEILEN<\/h2>\n<p style=\"text-align: justify;\">Wir sind immer Verf\u00fcgbar 24\/24 und der Service immer von den Bossen zur gestellt.<\/p>\n<p>[\/et_pb_text][\/et_pb_column][et_pb_column type=&#8220;1_3&#8243;][et_pb_code _builder_version=&#8220;3.19.5&#8243;]<iframe width=\"560\" height=\"315\" src=\"https:\/\/www.youtube.com\/embed\/4-vlz23SkuE\" frameborder=\"0\" allow=\"accelerometer; autoplay; encrypted-media; gyroscope; picture-in-picture\" allowfullscreen><\/iframe>[\/et_pb_code][\/et_pb_column][\/et_pb_row][et_pb_row _builder_version=&#8220;3.19.5&#8243; make_fullwidth=&#8220;on&#8220; use_custom_width=&#8220;on&#8220; custom_width_px=&#8220;1115px&#8220; module_alignment=&#8220;center&#8220; custom_css_main_element=&#8220;border-top: 1px solid #e5e5e5 !important;||margin-top:20px !important;&#8220;][et_pb_column type=&#8220;1_6&#8243;][et_pb_image _builder_version=&#8220;3.19.5&#8243; url=&#8220;http:\/\/www.fleursdedeuil.be\/&#8220; module_class=&#8220;photo-bas&#8220; src=&#8220;https:\/\/georgesetfils.be\/wp-content\/uploads\/2019\/03\/img1.png&#8220; \/][\/et_pb_column][et_pb_column type=&#8220;1_6&#8243;][et_pb_image _builder_version=&#8220;3.19.5&#8243; url=&#8220;https:\/\/www.funalia.be\/&#8220; module_class=&#8220;photo-bas&#8220; src=&#8220;https:\/\/georgesetfils.be\/wp-content\/uploads\/2019\/03\/img12.png&#8220; \/][\/et_pb_column][et_pb_column type=&#8220;1_6&#8243;][et_pb_image _builder_version=&#8220;3.19.5&#8243; url=&#8220;http:\/\/www.funeralys.be\/&#8220; module_class=&#8220;photo-bas&#8220; src=&#8220;https:\/\/georgesetfils.be\/wp-content\/uploads\/2019\/03\/img3.png&#8220; \/][\/et_pb_column][et_pb_column type=&#8220;1_6&#8243;][et_pb_image _builder_version=&#8220;3.19.5&#8243; url=&#8220;http:\/\/www.respect-dignite.be\/&#8220; module_class=&#8220;photo-bas&#8220; src=&#8220;https:\/\/georgesetfils.be\/wp-content\/uploads\/2019\/03\/img4.png&#8220; \/][\/et_pb_column][et_pb_column type=&#8220;1_6&#8243;][et_pb_image _builder_version=&#8220;3.19.5&#8243; url=&#8220;http:\/\/www.funerailles.be\/&#8220; module_class=&#8220;photo-bas&#8220; src=&#8220;https:\/\/georgesetfils.be\/wp-content\/uploads\/2019\/03\/img5.jpg&#8220; \/][\/et_pb_column][et_pb_column type=&#8220;1_6&#8243;][et_pb_image _builder_version=&#8220;3.19.5&#8243; url=&#8220;http:\/\/www.funebra.be\/&#8220; module_class=&#8220;photo-bas&#8220; src=&#8220;https:\/\/georgesetfils.be\/wp-content\/uploads\/2019\/03\/img1-1.png&#8220; \/][\/et_pb_column][\/et_pb_row][\/et_pb_section]<\/p>\n","protected":false},"excerpt":{"rendered":"<p>Unser Unternehmen | \u00dcber \u00dcBER HISTORISCHER EMPFANG Gegr\u00fcndet von Herrn Emile GEORGES im Jahre 1947, und da sie auch von zwei Generationen, sein Sohn Leopold, und sein Enkel Laurent.Sa Gr\u00f6\u00dfe ist relativ klein und besteht aus drei Personen, wollen Herr und Frau und ihr Sohn George in Familie zu arbeiten um den bestm\u00f6glichen Service zu bieten. Seit 1. Juli 2011 w\u00e4chst das Unternehmen und \u00fcbernimmt die Funeral Libouton Vielsalm, in Zusammenarbeit mit Herrn und Frau Libouton und weiterhin Kunden \u00fcber ein Blumenladen und ein Beerdigungsinstitut und Beerdigung Elemente dienen. UNSERE LEISTUNGEN Wir haben drei private Beerdigungsinstitut und die Beerdigungsinstitut kommunalen Malmedy, und drei Blumenl\u00e4den und Bestattungsbedarf auf Bereiche von Weismes, Malmedy und Vielsalm. Wir k\u00fcmmern uns ebenso wie Bestattung Feuerbestattung, wir tragen den ganzen Papierkram, Erinnerungen mit Foto-Karten, danke Karten und Beerdigung Vertr\u00e4ge erwartet. Krisenreaktions, 24h\/24, 7 Tage 7, einfach durch den Aufruf 080\/770 691 Zu Ihren Diensten in alles Pflegeheim, Krankenh\u00e4user und alle Entit\u00e4ten Immer die M\u00f6glichkeit der Platzierung einer Leichenhalle Dekoration zu Ihnen nach Hause Alle Vorkehrungen Beerdigung vermieden werden F\u00fcr Familien Aide aux formalit\u00e9s d&#8217;apr\u00e8s d\u00e9c\u00e8s Hilfe f\u00fcr die Formalit\u00e4ten nach dem Tod Die Bestattungsversicherung KOSTENLOSE Anmeldung Ihrer W\u00fcnsche \u00fcber Beerdigung, mit verbundenen Versicherungs-oder Bankkonto UNSEREN VORTEILEN [&hellip;]<\/p>\n","protected":false},"author":3,"featured_media":0,"parent":0,"menu_order":0,"comment_status":"closed","ping_status":"closed","template":"","meta":{"_et_pb_use_builder":"on","_et_pb_old_content":"","_et_gb_content_width":"","footnotes":""},"class_list":["post-707","page","type-page","status-publish","hentry"],"aioseo_notices":[],"yoast_head":"<!-- This site is optimized with the Yoast SEO plugin v27.5 - https:\/\/yoast.com\/product\/yoast-seo-wordpress\/ -->\n<title>\u00dcBER - Fun\u00e9rariums Georges et Fils<\/title>\n<meta name=\"robots\" content=\"index, follow, max-snippet:-1, max-image-preview:large, max-video-preview:-1\" \/>\n<link rel=\"canonical\" href=\"https:\/\/georgesetfils.be\/de\/uber\/\" \/>\n<meta property=\"og:locale\" content=\"de_DE\" \/>\n<meta property=\"og:type\" content=\"article\" \/>\n<meta property=\"og:title\" content=\"\u00dcBER - Fun\u00e9rariums Georges et Fils\" \/>\n<meta property=\"og:description\" content=\"Unser Unternehmen | \u00dcber \u00dcBER HISTORISCHER EMPFANG Gegr\u00fcndet von Herrn Emile GEORGES im Jahre 1947, und da sie auch von zwei Generationen, sein Sohn Leopold, und sein Enkel Laurent.Sa Gr\u00f6\u00dfe ist relativ klein und besteht aus drei Personen, wollen Herr und Frau und ihr Sohn George in Familie zu arbeiten um den bestm\u00f6glichen Service zu bieten. Seit 1. Juli 2011 w\u00e4chst das Unternehmen und \u00fcbernimmt die Funeral Libouton Vielsalm, in Zusammenarbeit mit Herrn und Frau Libouton und weiterhin Kunden \u00fcber ein Blumenladen und ein Beerdigungsinstitut und Beerdigung Elemente dienen. UNSERE LEISTUNGEN Wir haben drei private Beerdigungsinstitut und die Beerdigungsinstitut kommunalen Malmedy, und drei Blumenl\u00e4den und Bestattungsbedarf auf Bereiche von Weismes, Malmedy und Vielsalm. Wir k\u00fcmmern uns ebenso wie Bestattung Feuerbestattung, wir tragen den ganzen Papierkram, Erinnerungen mit Foto-Karten, danke Karten und Beerdigung Vertr\u00e4ge erwartet. Krisenreaktions, 24h\/24, 7 Tage 7, einfach durch den Aufruf 080\/770 691 Zu Ihren Diensten in alles Pflegeheim, Krankenh\u00e4user und alle Entit\u00e4ten Immer die M\u00f6glichkeit der Platzierung einer Leichenhalle Dekoration zu Ihnen nach Hause Alle Vorkehrungen Beerdigung vermieden werden F\u00fcr Familien Aide aux formalit\u00e9s d&#039;apr\u00e8s d\u00e9c\u00e8s Hilfe f\u00fcr die Formalit\u00e4ten nach dem Tod Die Bestattungsversicherung KOSTENLOSE Anmeldung Ihrer W\u00fcnsche \u00fcber Beerdigung, mit verbundenen Versicherungs-oder Bankkonto UNSEREN VORTEILEN [&hellip;]\" \/>\n<meta property=\"og:url\" content=\"https:\/\/georgesetfils.be\/de\/uber\/\" \/>\n<meta property=\"og:site_name\" content=\"Fun\u00e9rariums Georges et Fils\" \/>\n<meta property=\"article:modified_time\" content=\"2019-06-27T09:21:36+00:00\" \/>\n<meta name=\"twitter:card\" content=\"summary_large_image\" \/>\n<meta name=\"twitter:label1\" content=\"Gesch\u00e4tzte Lesezeit\" \/>\n\t<meta name=\"twitter:data1\" content=\"3\u00a0Minuten\" \/>\n<!-- \/ Yoast SEO plugin. -->","yoast_head_json":{"title":"\u00dcBER - Fun\u00e9rariums Georges et Fils","robots":{"index":"index","follow":"follow","max-snippet":"max-snippet:-1","max-image-preview":"max-image-preview:large","max-video-preview":"max-video-preview:-1"},"canonical":"https:\/\/georgesetfils.be\/de\/uber\/","og_locale":"de_DE","og_type":"article","og_title":"\u00dcBER - Fun\u00e9rariums Georges et Fils","og_description":"Unser Unternehmen | \u00dcber \u00dcBER HISTORISCHER EMPFANG Gegr\u00fcndet von Herrn Emile GEORGES im Jahre 1947, und da sie auch von zwei Generationen, sein Sohn Leopold, und sein Enkel Laurent.Sa Gr\u00f6\u00dfe ist relativ klein und besteht aus drei Personen, wollen Herr und Frau und ihr Sohn George in Familie zu arbeiten um den bestm\u00f6glichen Service zu bieten. Seit 1. Juli 2011 w\u00e4chst das Unternehmen und \u00fcbernimmt die Funeral Libouton Vielsalm, in Zusammenarbeit mit Herrn und Frau Libouton und weiterhin Kunden \u00fcber ein Blumenladen und ein Beerdigungsinstitut und Beerdigung Elemente dienen. UNSERE LEISTUNGEN Wir haben drei private Beerdigungsinstitut und die Beerdigungsinstitut kommunalen Malmedy, und drei Blumenl\u00e4den und Bestattungsbedarf auf Bereiche von Weismes, Malmedy und Vielsalm. Wir k\u00fcmmern uns ebenso wie Bestattung Feuerbestattung, wir tragen den ganzen Papierkram, Erinnerungen mit Foto-Karten, danke Karten und Beerdigung Vertr\u00e4ge erwartet. Krisenreaktions, 24h\/24, 7 Tage 7, einfach durch den Aufruf 080\/770 691 Zu Ihren Diensten in alles Pflegeheim, Krankenh\u00e4user und alle Entit\u00e4ten Immer die M\u00f6glichkeit der Platzierung einer Leichenhalle Dekoration zu Ihnen nach Hause Alle Vorkehrungen Beerdigung vermieden werden F\u00fcr Familien Aide aux formalit\u00e9s d'apr\u00e8s d\u00e9c\u00e8s Hilfe f\u00fcr die Formalit\u00e4ten nach dem Tod Die Bestattungsversicherung KOSTENLOSE Anmeldung Ihrer W\u00fcnsche \u00fcber Beerdigung, mit verbundenen Versicherungs-oder Bankkonto UNSEREN VORTEILEN [&hellip;]","og_url":"https:\/\/georgesetfils.be\/de\/uber\/","og_site_name":"Fun\u00e9rariums Georges et Fils","article_modified_time":"2019-06-27T09:21:36+00:00","twitter_card":"summary_large_image","twitter_misc":{"Gesch\u00e4tzte Lesezeit":"3\u00a0Minuten"},"schema":{"@context":"https:\/\/schema.org","@graph":[{"@type":"WebPage","@id":"https:\/\/georgesetfils.be\/de\/uber\/","url":"https:\/\/georgesetfils.be\/de\/uber\/","name":"\u00dcBER - Fun\u00e9rariums Georges et Fils","isPartOf":{"@id":"https:\/\/georgesetfils.be\/#website"},"datePublished":"2019-03-27T08:51:56+00:00","dateModified":"2019-06-27T09:21:36+00:00","breadcrumb":{"@id":"https:\/\/georgesetfils.be\/de\/uber\/#breadcrumb"},"inLanguage":"de","potentialAction":[{"@type":"ReadAction","target":["https:\/\/georgesetfils.be\/de\/uber\/"]}]},{"@type":"BreadcrumbList","@id":"https:\/\/georgesetfils.be\/de\/uber\/#breadcrumb","itemListElement":[{"@type":"ListItem","position":1,"name":"Accueil","item":"https:\/\/georgesetfils.be\/de\/"},{"@type":"ListItem","position":2,"name":"\u00dcBER"}]},{"@type":"WebSite","@id":"https:\/\/georgesetfils.be\/#website","url":"https:\/\/georgesetfils.be\/","name":"Fun\u00e9rariums Georges et Fils","description":"Organisation de fun\u00e9railles","potentialAction":[{"@type":"SearchAction","target":{"@type":"EntryPoint","urlTemplate":"https:\/\/georgesetfils.be\/?s={search_term_string}"},"query-input":{"@type":"PropertyValueSpecification","valueRequired":true,"valueName":"search_term_string"}}],"inLanguage":"de"}]}},"_links":{"self":[{"href":"https:\/\/georgesetfils.be\/de\/wp-json\/wp\/v2\/pages\/707","targetHints":{"allow":["GET"]}}],"collection":[{"href":"https:\/\/georgesetfils.be\/de\/wp-json\/wp\/v2\/pages"}],"about":[{"href":"https:\/\/georgesetfils.be\/de\/wp-json\/wp\/v2\/types\/page"}],"author":[{"embeddable":true,"href":"https:\/\/georgesetfils.be\/de\/wp-json\/wp\/v2\/users\/3"}],"replies":[{"embeddable":true,"href":"https:\/\/georgesetfils.be\/de\/wp-json\/wp\/v2\/comments?post=707"}],"version-history":[{"count":2,"href":"https:\/\/georgesetfils.be\/de\/wp-json\/wp\/v2\/pages\/707\/revisions"}],"predecessor-version":[{"id":863,"href":"https:\/\/georgesetfils.be\/de\/wp-json\/wp\/v2\/pages\/707\/revisions\/863"}],"wp:attachment":[{"href":"https:\/\/georgesetfils.be\/de\/wp-json\/wp\/v2\/media?parent=707"}],"curies":[{"name":"wp","href":"https:\/\/api.w.org\/{rel}","templated":true}]}}