{"id":712,"date":"2019-03-27T09:33:41","date_gmt":"2019-03-27T09:33:41","guid":{"rendered":"https:\/\/georgesetfils.be\/dienstleistungen\/"},"modified":"2019-03-27T09:33:41","modified_gmt":"2019-03-27T09:33:41","slug":"dienstleistungen","status":"publish","type":"page","link":"https:\/\/georgesetfils.be\/de\/dienstleistungen\/","title":{"rendered":"DIENSTLEISTUNGEN"},"content":{"rendered":"<p>[et_pb_section bb_built=&#8220;1&#8243; _builder_version=&#8220;3.19.5&#8243; module_id=&#8220;haut-slider&#8220;][et_pb_row _builder_version=&#8220;3.19.5&#8243;][et_pb_column type=&#8220;2_3&#8243;][et_pb_text _builder_version=&#8220;3.19.5&#8243; module_class=&#8220;style-lienhaut&#8220;]<\/p>\n<p><a class=\"lien-phacc\" href=\"https:\/\/georgesetfils.be\/de\/dienstleistungen\/\">Unser Unternehmen<\/a> | Dienstleistungen<\/p>\n<p>[\/et_pb_text][\/et_pb_column][et_pb_column type=&#8220;1_3&#8243;][\/et_pb_column][\/et_pb_row][et_pb_row _builder_version=&#8220;3.19.5&#8243; module_class_2=&#8220;video-acc&#8220;][et_pb_column type=&#8220;2_3&#8243;][et_pb_text _builder_version=&#8220;3.19.5&#8243; text_font=&#8220;Raleway||||||||&#8220;]<\/p>\n<h1 class=\"title-george\">DIENSTLEISTUNGEN<\/h1>\n<p style=\"text-align: justify;\">Wir bieten Erfahrung und Service von Profis durchgef\u00fchrt, und eine breite Auswahl an hochwertigen S\u00e4rge, laden wir Sie zu entdecken.<\/p>\n<p style=\"text-align: justify;\">Hier sind unsere verschiedenen Dienste und Leistungen :<\/p>\n<ul>\n<li>Die Bestattung und Beisetzung des Verstorbenent;<\/li>\n<li>Die \u00dcbertragung des Verstorbenen zu unserem Bestattungsinstitut, Ihr Haus, oder andere Orte, an Ihrer Bequemlichkeit;<\/li>\n<li>Die Platzierung Leichenhalle trimmen am Beerdigungsinstitut und deren Entfernung nach der Beerdigung;<\/li>\n<li>W\u00e4hrend des Aufenthaltes in unserem Bestattungsinstitut, werden die Besucher Platz nehmen zeitweise die Ihnen am meisten und je nach Verf\u00fcgbarkeit;<\/li>\n<li>Was auch immer die letzte Ruhest\u00e4tte des Verstorbenen, erhalten Sie einen t\u00e4glichen Besuch bei Ihrem Berater oder Beerdigung eines unserer Mitarbeiter;<\/li>\n<li>Die Verwaltungsverfahren in der gemeinsamen Ort des Todes, in der gemeinsamen Grabst\u00e4tte, die Ansprechpartner f\u00fcr den Gottesdienst oder Anbetung Ihrer Wahl erhalten Sie vom Krematorium Ihrer Wahl;<\/li>\n<li>Schreiben einen Nachruf in der Presse ver\u00f6ffentlicht werden oder das Schreiben einer Ank\u00fcndigung wird mit<\/li>\n<li>Postzustellung mit die Familie des Verstorbenen vorgenommen werden;<\/li>\n<li>Der Tag der Beerdigung, die Bereitstellung von einem Leichenwagen, wird der Dienst immer von einem Minimum von zwei Tr\u00e4gern durchgef\u00fchrt;<\/li>\n<\/ul>\n<h2 class=\"h2-page\">EMPFANGS<\/h2>\n<ul>\n<li>Auf Wunsch und im Zimmer Ihrer Wahl (in der Regel in der N\u00e4he der Beerdigung), k\u00f6nnen wir f\u00fcr Sie Empfang f\u00fcr die Beerdigung.<\/li>\n<li>Du empfang deine Verwandten.<\/li>\n<li>Die Zahl der Menschen eingeladen, diesem Empfang ist nicht begrenzt.<\/li>\n<li>Sie werden an Ihrem Tisch von unserem Personal bedient werden.<\/li>\n<li>Alle Verfahren und die Vorbereitungsarbeiten f\u00fcr die Aufnahme oder Reinig werden von unseren Mitarbeitern unterst\u00fctzt.<\/li>\n<\/ul>\n<h2 class=\"h2-page\">AUS-UND EINBAU DES DENKMALS<\/h2>\n<ul>\n<li>Bei Beerdigungen, wenn n\u00f6tig, wir k\u00fcmmern uns um Demontage und Ersatz der bestehenden Denkmal.<\/li>\n<li>Die Zugabe von Schriftzug, die dieselben wie existierende, erreicht werden kann.<\/li>\n<\/ul>\n<h2 class=\"h2-page\">REPATRIIERUNG<\/h2>\n<p style=\"text-align: justify;\">Dies ist, wenn ein Todesfall eintritt ins Ausland, dass wir jemanden zum Reden brauchen.<\/p>\n<p style=\"text-align: justify;\">Nach dem Tod einer Person au\u00dferhalb des Landes, wo sie lebt oder in ihr Herkunftsland und wo er begraben werden will, ist es immer m\u00f6glich, den K\u00f6rper oder Asche (oder auf) das Land repatriieren . Dazu ist es notwendig, ein Bestattungsinstitut, das die Familie in Not helfen kann und Durchf\u00fchrung aller erforderlichen Formalit\u00e4ten f\u00fcr die R\u00fcckreise zu nutzen.<\/p>\n<p style=\"text-align: justify;\">Wir k\u00f6nnen auf Ihren Wunsch, R\u00fcckf\u00fchrung des Verstorbenen, der von Verkehrsmitteln am besten geeignete und kosteng\u00fcnstigste und schnellste M\u00f6glichkeit.<\/p>\n<p style=\"text-align: justify;\">Um dies zu tun, wenn n\u00f6tig, werden wir gehen oder wir werden eine Beerdigung zu Hause an den Ort des Todes wenden uns zu helfen, die Formalit\u00e4ten des internationalen Repatriierung.<\/p>\n<p style=\"text-align: justify;\">Wenn der Verstorbene im Ausland nahm die Vorsichtsma\u00dfnahme, eine Reiseversicherung Assistance-Versicherung, k\u00f6nnen wir in Zusammenarbeit mit diesem Unternehmen, alle notwendigen Vorkehrungen f\u00fcr die R\u00fcckf\u00fchrung. Unser Unternehmen ist mit vielen Versicherungsgesellschaften Unterst\u00fctzung freuen.<\/p>\n<p style=\"text-align: justify;\">Diese Verfahren werden in enger Zusammenarbeit mit den Botschaften und Konsulate der L\u00e4nder oder durch den Tod betreffenden durchgef\u00fchrt werden.<\/p>\n<p style=\"text-align: justify;\">Wenn der Verstorbene in ein fremdes Land aus Belgien repatriiert zu werden, ist es m\u00f6glich, dass eine sorgf\u00e4ltige Erhaltung obligatorisch ist.<\/p>\n<h2 class=\"h2-page\">HYGIENE PFLEGE UND ERHALTUNG DES K\u00d6RPERS<\/h2>\n<p style=\"text-align: justify;\">Hygiene Pflege und Erhaltung des K\u00f6rpers oder, in der wissenschaftlichen Sprache, Einbalsamierung, sind alle Mittel zur Konservierung von Leichen verwendet. Einbalsamierung ist bekannt f\u00fcr mehrere Jahrhunderte, zu der Zeit der \u00c4gypter und ihrer Mumien..<\/p>\n<p style=\"text-align: justify;\">Einbalsamierung macht sein nat\u00fcrliches Aussehen an den Verstorbenen. Das beruhigte die verstorbenen Verwandten, um eine notwendige Trost in der Qual der Trauer zu bringen. Familie und Freunde werden in aller Ruhe sammeln.<\/p>\n<p style=\"text-align: justify;\">Diese Sorge um den K\u00f6rper des Verstorbenen bestehen im wesentlichen aus Einspritzen konservative L\u00f6sungen, antibakteriell, antiseptisch und Deodorant.<\/p>\n<p style=\"text-align: justify;\">Die Wirksamkeit einer solchen Betreuung ist garantiert.<\/p>\n<p style=\"text-align: justify;\">Ein zweiter Teil der Einbalsamierung wird der K\u00f6rper Einbalsamierung f\u00fcr ihre internationale Repatriierung. Diese Operation wird im Rahmen der Bestimmungen und Vorschriften gemacht, mit Respekt f\u00fcr religi\u00f6se oder philosophische \u00dcberzeugungen.<\/p>\n<p style=\"text-align: justify;\">Wenn die Familie w\u00fcnscht, wird der Verstorbene bei der Ankunft und sicher vertreten sein.<\/p>\n<p style=\"text-align: justify;\">Der dritte Teil der Einbalsamierung ist die Wiederherstellung der verletzten oder K\u00f6rper obduziert.<\/p>\n<p style=\"text-align: justify;\">Seien Sie sich bewusst, dass einige L\u00e4nder f\u00fcr die R\u00fcckf\u00fchrung Einbalsamierung erfordern.<\/p>\n<p style=\"text-align: justify;\">Diese L\u00e4nder sind :<\/p>\n<ul>\n<li style=\"list-style-type: none;\">\n<ul>\n<li>S\u00dcDAFRIKA<\/li>\n<li>ALBANIEN<\/li>\n<li>SAUDI-ARABIEN<\/li>\n<li>ARGENTINIEN<\/li>\n<li>AUSTRALIEN<\/li>\n<li>BARBADOS<\/li>\n<li>BANGLADESH<\/li>\n<li>BENIN<\/li>\n<li>BOLIVIA<\/li>\n<li>BRASILIEN<\/li>\n<li>BULGARIEN<\/li>\n<li>KANADA<\/li>\n<li>CHILE<\/li>\n<li>CHINA<\/li>\n<li>ZYPERN<\/li>\n<li>KOLOMBIEN<\/li>\n<li>COSTA RICA<\/li>\n<li>KUBA<\/li>\n<li>DOMINIKANISCHE Rep.<\/li>\n<li>\u00c4GYPTEN<\/li>\n<li>GHANA<\/li>\n<li>GROSSBRITANNIEN<\/li>\n<li>GRIECHENLAND<\/li>\n<li>GUATEMALA<\/li>\n<li>HONDURAS<\/li>\n<li>UNGARN<\/li>\n<li>INDIEN<\/li>\n<li>INDONESIEN<\/li>\n<li>IRAN<\/li>\n<li>IRAK<\/li>\n<li>ISLAND<\/li>\n<li>ISRAEL<\/li>\n<li>JAPAN<\/li>\n<li>JORDAN<\/li>\n<li>LIBANON<\/li>\n<li>LIBERIA<\/li>\n<li>LIBYEN<\/li>\n<li>MALAYSIA (au\u00dfer Muslime)<\/li>\n<li>MALDIVEN<\/li>\n<li>MAURITIUS<\/li>\n<li>MEXIKO<\/li>\n<li>MONGOLEI<\/li>\n<li>NICARAGUA<\/li>\n<li>NEUSEELAND<\/li>\n<li>PAKISTAN<\/li>\n<li>PANAMA<\/li>\n<li>PARAHUAY<\/li>\n<li>PERU<\/li>\n<li>PHILIPPINEN<\/li>\n<li>PUERTO RICO<\/li>\n<li>RUM\u00c4NIEN<\/li>\n<li>RUSSLAND<\/li>\n<li>SALVADOR<\/li>\n<li>SRI LANKA<\/li>\n<li>SYRIEN<\/li>\n<li>TAIWAN<\/li>\n<li>URUGUAY<\/li>\n<li>U.S.A.<\/li>\n<li>VENEZUELA<\/li>\n<li>VIETNAM<\/li>\n<\/ul>\n<h2 class=\"h2-page\">FORMALIT\u00c4TEN<\/h2>\n<p style=\"text-align: justify;\">Eintragungen von Sterbef\u00e4llen<\/p>\n<p style=\"text-align: justify;\">Wir f\u00fchren den Totenschein in den Dienst der zivilen Status der Gemeindeverwaltung des Ortes, des Todes.<\/p>\n<p style=\"text-align: justify;\">Um dies zu tun, werden wir Sie bitten, mehrere Dokumente:<\/p>\n<ul>\n<li>Der Todesanzeige von dem Arzt geschrieben, der ihn f\u00fcr tot erkl\u00e4rt ;<\/li>\n<li>Der Personalausweis des Verstorbenen;<\/li>\n<li>Wenn diese Person verheiratet ist, die Heiratsurkunde der Ehegatten;<\/li>\n<li>Wenn es eine Feuerbestattung, werden wir erarbeiten gemeinsam einen Antrag auf Feuerbestattung;<\/li>\n<li>Schlie\u00dflich wird die Erkl\u00e4rung der letzten W\u00fcnsche des Verstorbenen. Wenn der Verstorbene in einer anderen Gemeinde ans\u00e4ssig ist, erhalten wir dieses Dokument.<\/li>\n<\/ul>\n<p style=\"text-align: justify;\">Es gibt verschiedene Arten der F\u00f6rmlichkeiten :<\/p>\n<ul>\n<li>Formalit\u00e4ten bei Beerdigung: Wir haben den Tod in den Dienst der zivilen Status meldet, wenn n\u00f6tig, werden wir auf Ihre Bewerbung ein Dokument vorstellen Anforderung der Vergabe einer Konzession f\u00fcr das Begr\u00e4bnis auf dem Friedhof der Bestattung. Der Friedhof der Bestattung und der Dauer der Konzession wurden zuvor nach Ihren W\u00fcnschen einstellen.<\/li>\n<li>Formalit\u00e4ten bei der Feuerbestattung: Neben der Erkl\u00e4rung des Todes, wir k\u00fcmmern einen Antrag auf Feuerbestattung zu machen. Dieses Dokument wurde zuvor vorbereitet und unterzeichnet von einem Mitglied der Familie des Verstorbenen.<\/li>\n<\/ul>\n<p style=\"text-align: justify;\">All diese Formalit\u00e4ten erforderlich, wenn der Bedarf in allen St\u00e4dten und Regionen unseres Landes oder im Ausland f\u00fcr die R\u00fcckf\u00fchrung erfolgen werden.<\/p>\n<h3>Nach den Formalit\u00e4ten<\/h3>\n<p style=\"text-align: justify;\">Sie werden Sterbeurkunden gegeben werden. Diese Dokumente wird n\u00fctzlich sein, f\u00fcr verschiedene Organisationen (Renten-, Bank-, gegenseitige, &#8230;).<\/p>\n<p style=\"text-align: justify;\">F\u00fcr den Tag der Beerdigung, k\u00f6nnen Sie Beweis f\u00fcr Abwesenheit von der Arbeit zu erhalten, so dass Ihr Arbeitgeber geben Ihnen Ihren Tag .<\/p>\n<p style=\"text-align: justify;\">Wir erkennen, dass die Zeit, die Sie \u00fcberqueren den Fall des Todes eines geliebten Menschen besonders schmerzlich und schwierig ist.<\/p>\n<p style=\"text-align: justify;\">Deshalb haben wir als Teil unserer praktischen Support-Services zur Verf\u00fcgung gestellt haben, die Sie durch das Labyrinth der Papierkram f\u00fchren verh\u00e4ngt nach einem Todesfall.<\/p>\n<p style=\"text-align: justify;\">Sie erhalten von uns ein Dossier mit Briefen und anderen Merkbl\u00e4ttern, die Beantwortung einige administrative Anforderungen.<\/p>\n<p style=\"text-align: justify;\">Ein &#8222;Bestellformular zus\u00e4tzlichen Buchstaben&#8220; wird auch auf die Datei angeh\u00e4ngt. Es beinhaltet alle M\u00f6glichkeiten, dass wir Korrespondenz, Ihre Aufmerksamkeit zu etablieren.<\/p>\n<p style=\"text-align: justify;\">Nur \u00fcberpr\u00fcfen (und ggf. die Anzahl), die Sie m\u00f6chten. Sobald Sie das Formular abgeschickt haben, werden wir die neue Datei so schnell wie m\u00f6glich zu senden.<\/p>\n<p>[\/et_pb_text][\/et_pb_column][et_pb_column type=&#8220;1_3&#8243;][et_pb_code _builder_version=&#8220;3.19.5&#8243;]<iframe width=\"560\" height=\"315\" src=\"https:\/\/www.youtube.com\/embed\/4-vlz23SkuE\" frameborder=\"0\" allow=\"accelerometer; autoplay; encrypted-media; gyroscope; picture-in-picture\" allowfullscreen><\/iframe>[\/et_pb_code][\/et_pb_column][\/et_pb_row][et_pb_row _builder_version=&#8220;3.19.5&#8243; make_fullwidth=&#8220;on&#8220; use_custom_width=&#8220;on&#8220; custom_width_px=&#8220;1115px&#8220; module_alignment=&#8220;center&#8220; custom_css_main_element=&#8220;border-top: 1px solid #e5e5e5 !important;||margin-top:20px !important;&#8220;][et_pb_column type=&#8220;1_6&#8243;][et_pb_image _builder_version=&#8220;3.19.5&#8243; url=&#8220;http:\/\/www.fleursdedeuil.be\/&#8220; module_class=&#8220;photo-bas&#8220; src=&#8220;https:\/\/georgesetfils.be\/wp-content\/uploads\/2019\/03\/img1.png&#8220; \/][\/et_pb_column][et_pb_column type=&#8220;1_6&#8243;][et_pb_image _builder_version=&#8220;3.19.5&#8243; url=&#8220;https:\/\/www.funalia.be\/&#8220; module_class=&#8220;photo-bas&#8220; src=&#8220;https:\/\/georgesetfils.be\/wp-content\/uploads\/2019\/03\/img12.png&#8220; \/][\/et_pb_column][et_pb_column type=&#8220;1_6&#8243;][et_pb_image _builder_version=&#8220;3.19.5&#8243; url=&#8220;http:\/\/www.funeralys.be\/&#8220; module_class=&#8220;photo-bas&#8220; src=&#8220;https:\/\/georgesetfils.be\/wp-content\/uploads\/2019\/03\/img3.png&#8220; \/][\/et_pb_column][et_pb_column type=&#8220;1_6&#8243;][et_pb_image _builder_version=&#8220;3.19.5&#8243; url=&#8220;http:\/\/www.respect-dignite.be\/&#8220; module_class=&#8220;photo-bas&#8220; src=&#8220;https:\/\/georgesetfils.be\/wp-content\/uploads\/2019\/03\/img4.png&#8220; \/][\/et_pb_column][et_pb_column type=&#8220;1_6&#8243;][et_pb_image _builder_version=&#8220;3.19.5&#8243; url=&#8220;http:\/\/www.funerailles.be\/&#8220; module_class=&#8220;photo-bas&#8220; src=&#8220;https:\/\/georgesetfils.be\/wp-content\/uploads\/2019\/03\/img5.jpg&#8220; \/][\/et_pb_column][et_pb_column type=&#8220;1_6&#8243;][et_pb_image _builder_version=&#8220;3.19.5&#8243; url=&#8220;http:\/\/www.funebra.be\/&#8220; module_class=&#8220;photo-bas&#8220; src=&#8220;https:\/\/georgesetfils.be\/wp-content\/uploads\/2019\/03\/img1-1.png&#8220; \/][\/et_pb_column][\/et_pb_row][\/et_pb_section]<\/p>\n","protected":false},"excerpt":{"rendered":"<p>Unser Unternehmen | Dienstleistungen DIENSTLEISTUNGEN Wir bieten Erfahrung und Service von Profis durchgef\u00fchrt, und eine breite Auswahl an hochwertigen S\u00e4rge, laden wir Sie zu entdecken. Hier sind unsere verschiedenen Dienste und Leistungen : Die Bestattung und Beisetzung des Verstorbenent; Die \u00dcbertragung des Verstorbenen zu unserem Bestattungsinstitut, Ihr Haus, oder andere Orte, an Ihrer Bequemlichkeit; Die Platzierung Leichenhalle trimmen am Beerdigungsinstitut und deren Entfernung nach der Beerdigung; W\u00e4hrend des Aufenthaltes in unserem Bestattungsinstitut, werden die Besucher Platz nehmen zeitweise die Ihnen am meisten und je nach Verf\u00fcgbarkeit; Was auch immer die letzte Ruhest\u00e4tte des Verstorbenen, erhalten Sie einen t\u00e4glichen Besuch bei Ihrem Berater oder Beerdigung eines unserer Mitarbeiter; Die Verwaltungsverfahren in der gemeinsamen Ort des Todes, in der gemeinsamen Grabst\u00e4tte, die Ansprechpartner f\u00fcr den Gottesdienst oder Anbetung Ihrer Wahl erhalten Sie vom Krematorium Ihrer Wahl; Schreiben einen Nachruf in der Presse ver\u00f6ffentlicht werden oder das Schreiben einer Ank\u00fcndigung wird mit Postzustellung mit die Familie des Verstorbenen vorgenommen werden; Der Tag der Beerdigung, die Bereitstellung von einem Leichenwagen, wird der Dienst immer von einem Minimum von zwei Tr\u00e4gern durchgef\u00fchrt; EMPFANGS Auf Wunsch und im Zimmer Ihrer Wahl (in der Regel in der N\u00e4he der Beerdigung), k\u00f6nnen wir f\u00fcr Sie Empfang f\u00fcr die [&hellip;]<\/p>\n","protected":false},"author":3,"featured_media":0,"parent":0,"menu_order":0,"comment_status":"closed","ping_status":"closed","template":"","meta":{"_et_pb_use_builder":"on","_et_pb_old_content":"","_et_gb_content_width":"","footnotes":""},"class_list":["post-712","page","type-page","status-publish","hentry"],"aioseo_notices":[],"yoast_head":"<!-- This site is optimized with the Yoast SEO plugin v27.3 - https:\/\/yoast.com\/product\/yoast-seo-wordpress\/ -->\n<title>DIENSTLEISTUNGEN - Fun\u00e9rariums Georges et Fils<\/title>\n<meta name=\"robots\" content=\"index, follow, max-snippet:-1, max-image-preview:large, max-video-preview:-1\" \/>\n<link rel=\"canonical\" href=\"https:\/\/georgesetfils.be\/de\/dienstleistungen\/\" \/>\n<meta property=\"og:locale\" content=\"de_DE\" \/>\n<meta property=\"og:type\" content=\"article\" \/>\n<meta property=\"og:title\" content=\"DIENSTLEISTUNGEN - Fun\u00e9rariums Georges et Fils\" \/>\n<meta property=\"og:description\" content=\"Unser Unternehmen | Dienstleistungen DIENSTLEISTUNGEN Wir bieten Erfahrung und Service von Profis durchgef\u00fchrt, und eine breite Auswahl an hochwertigen S\u00e4rge, laden wir Sie zu entdecken. Hier sind unsere verschiedenen Dienste und Leistungen : Die Bestattung und Beisetzung des Verstorbenent; Die \u00dcbertragung des Verstorbenen zu unserem Bestattungsinstitut, Ihr Haus, oder andere Orte, an Ihrer Bequemlichkeit; Die Platzierung Leichenhalle trimmen am Beerdigungsinstitut und deren Entfernung nach der Beerdigung; W\u00e4hrend des Aufenthaltes in unserem Bestattungsinstitut, werden die Besucher Platz nehmen zeitweise die Ihnen am meisten und je nach Verf\u00fcgbarkeit; Was auch immer die letzte Ruhest\u00e4tte des Verstorbenen, erhalten Sie einen t\u00e4glichen Besuch bei Ihrem Berater oder Beerdigung eines unserer Mitarbeiter; Die Verwaltungsverfahren in der gemeinsamen Ort des Todes, in der gemeinsamen Grabst\u00e4tte, die Ansprechpartner f\u00fcr den Gottesdienst oder Anbetung Ihrer Wahl erhalten Sie vom Krematorium Ihrer Wahl; Schreiben einen Nachruf in der Presse ver\u00f6ffentlicht werden oder das Schreiben einer Ank\u00fcndigung wird mit Postzustellung mit die Familie des Verstorbenen vorgenommen werden; Der Tag der Beerdigung, die Bereitstellung von einem Leichenwagen, wird der Dienst immer von einem Minimum von zwei Tr\u00e4gern durchgef\u00fchrt; EMPFANGS Auf Wunsch und im Zimmer Ihrer Wahl (in der Regel in der N\u00e4he der Beerdigung), k\u00f6nnen wir f\u00fcr Sie Empfang f\u00fcr die [&hellip;]\" \/>\n<meta property=\"og:url\" content=\"https:\/\/georgesetfils.be\/de\/dienstleistungen\/\" \/>\n<meta property=\"og:site_name\" content=\"Fun\u00e9rariums Georges et Fils\" \/>\n<meta name=\"twitter:card\" content=\"summary_large_image\" \/>\n<meta name=\"twitter:label1\" content=\"Gesch\u00e4tzte Lesezeit\" \/>\n\t<meta name=\"twitter:data1\" content=\"7\u00a0Minuten\" \/>\n<!-- \/ Yoast SEO plugin. -->","yoast_head_json":{"title":"DIENSTLEISTUNGEN - Fun\u00e9rariums Georges et Fils","robots":{"index":"index","follow":"follow","max-snippet":"max-snippet:-1","max-image-preview":"max-image-preview:large","max-video-preview":"max-video-preview:-1"},"canonical":"https:\/\/georgesetfils.be\/de\/dienstleistungen\/","og_locale":"de_DE","og_type":"article","og_title":"DIENSTLEISTUNGEN - Fun\u00e9rariums Georges et Fils","og_description":"Unser Unternehmen | Dienstleistungen DIENSTLEISTUNGEN Wir bieten Erfahrung und Service von Profis durchgef\u00fchrt, und eine breite Auswahl an hochwertigen S\u00e4rge, laden wir Sie zu entdecken. Hier sind unsere verschiedenen Dienste und Leistungen : Die Bestattung und Beisetzung des Verstorbenent; Die \u00dcbertragung des Verstorbenen zu unserem Bestattungsinstitut, Ihr Haus, oder andere Orte, an Ihrer Bequemlichkeit; Die Platzierung Leichenhalle trimmen am Beerdigungsinstitut und deren Entfernung nach der Beerdigung; W\u00e4hrend des Aufenthaltes in unserem Bestattungsinstitut, werden die Besucher Platz nehmen zeitweise die Ihnen am meisten und je nach Verf\u00fcgbarkeit; Was auch immer die letzte Ruhest\u00e4tte des Verstorbenen, erhalten Sie einen t\u00e4glichen Besuch bei Ihrem Berater oder Beerdigung eines unserer Mitarbeiter; Die Verwaltungsverfahren in der gemeinsamen Ort des Todes, in der gemeinsamen Grabst\u00e4tte, die Ansprechpartner f\u00fcr den Gottesdienst oder Anbetung Ihrer Wahl erhalten Sie vom Krematorium Ihrer Wahl; Schreiben einen Nachruf in der Presse ver\u00f6ffentlicht werden oder das Schreiben einer Ank\u00fcndigung wird mit Postzustellung mit die Familie des Verstorbenen vorgenommen werden; Der Tag der Beerdigung, die Bereitstellung von einem Leichenwagen, wird der Dienst immer von einem Minimum von zwei Tr\u00e4gern durchgef\u00fchrt; EMPFANGS Auf Wunsch und im Zimmer Ihrer Wahl (in der Regel in der N\u00e4he der Beerdigung), k\u00f6nnen wir f\u00fcr Sie Empfang f\u00fcr die [&hellip;]","og_url":"https:\/\/georgesetfils.be\/de\/dienstleistungen\/","og_site_name":"Fun\u00e9rariums Georges et Fils","twitter_card":"summary_large_image","twitter_misc":{"Gesch\u00e4tzte Lesezeit":"7\u00a0Minuten"},"schema":{"@context":"https:\/\/schema.org","@graph":[{"@type":"WebPage","@id":"https:\/\/georgesetfils.be\/de\/dienstleistungen\/","url":"https:\/\/georgesetfils.be\/de\/dienstleistungen\/","name":"DIENSTLEISTUNGEN - Fun\u00e9rariums Georges et Fils","isPartOf":{"@id":"https:\/\/georgesetfils.be\/#website"},"datePublished":"2019-03-27T09:33:41+00:00","breadcrumb":{"@id":"https:\/\/georgesetfils.be\/de\/dienstleistungen\/#breadcrumb"},"inLanguage":"de","potentialAction":[{"@type":"ReadAction","target":["https:\/\/georgesetfils.be\/de\/dienstleistungen\/"]}]},{"@type":"BreadcrumbList","@id":"https:\/\/georgesetfils.be\/de\/dienstleistungen\/#breadcrumb","itemListElement":[{"@type":"ListItem","position":1,"name":"Accueil","item":"https:\/\/georgesetfils.be\/de\/"},{"@type":"ListItem","position":2,"name":"DIENSTLEISTUNGEN"}]},{"@type":"WebSite","@id":"https:\/\/georgesetfils.be\/#website","url":"https:\/\/georgesetfils.be\/","name":"Fun\u00e9rariums Georges et Fils","description":"Organisation de fun\u00e9railles","potentialAction":[{"@type":"SearchAction","target":{"@type":"EntryPoint","urlTemplate":"https:\/\/georgesetfils.be\/?s={search_term_string}"},"query-input":{"@type":"PropertyValueSpecification","valueRequired":true,"valueName":"search_term_string"}}],"inLanguage":"de"}]}},"_links":{"self":[{"href":"https:\/\/georgesetfils.be\/de\/wp-json\/wp\/v2\/pages\/712","targetHints":{"allow":["GET"]}}],"collection":[{"href":"https:\/\/georgesetfils.be\/de\/wp-json\/wp\/v2\/pages"}],"about":[{"href":"https:\/\/georgesetfils.be\/de\/wp-json\/wp\/v2\/types\/page"}],"author":[{"embeddable":true,"href":"https:\/\/georgesetfils.be\/de\/wp-json\/wp\/v2\/users\/3"}],"replies":[{"embeddable":true,"href":"https:\/\/georgesetfils.be\/de\/wp-json\/wp\/v2\/comments?post=712"}],"version-history":[{"count":1,"href":"https:\/\/georgesetfils.be\/de\/wp-json\/wp\/v2\/pages\/712\/revisions"}],"predecessor-version":[{"id":713,"href":"https:\/\/georgesetfils.be\/de\/wp-json\/wp\/v2\/pages\/712\/revisions\/713"}],"wp:attachment":[{"href":"https:\/\/georgesetfils.be\/de\/wp-json\/wp\/v2\/media?parent=712"}],"curies":[{"name":"wp","href":"https:\/\/api.w.org\/{rel}","templated":true}]}}