{"id":716,"date":"2019-03-27T09:42:31","date_gmt":"2019-03-27T09:42:31","guid":{"rendered":"https:\/\/georgesetfils.be\/erstellung-und-inhumation\/"},"modified":"2019-06-27T10:05:15","modified_gmt":"2019-06-27T10:05:15","slug":"erstellung-und-inhumation","status":"publish","type":"page","link":"https:\/\/georgesetfils.be\/de\/erstellung-und-inhumation\/","title":{"rendered":"ERSTELLUNG UND INHUMATION"},"content":{"rendered":"<p>[et_pb_section bb_built=&#8220;1&#8243; _builder_version=&#8220;3.19.5&#8243; module_id=&#8220;haut-slider&#8220;][et_pb_row _builder_version=&#8220;3.19.5&#8243;][et_pb_column type=&#8220;2_3&#8243;][et_pb_text _builder_version=&#8220;3.19.5&#8243; module_class=&#8220;style-lienhaut&#8220;]<\/p>\n<p><a class=\"lien-phacc\" href=\"https:\/\/georgesetfils.be\/de\/erstellung-und-inhumation\/\">Unser Unternehmen<\/a> | Erstellung und Inhumation<\/p>\n<p>[\/et_pb_text][\/et_pb_column][et_pb_column type=&#8220;1_3&#8243;][\/et_pb_column][\/et_pb_row][et_pb_row _builder_version=&#8220;3.19.5&#8243; module_class_2=&#8220;video-acc&#8220;][et_pb_column type=&#8220;2_3&#8243;][et_pb_text _builder_version=&#8220;3.19.5&#8243; text_font=&#8220;Raleway||||||||&#8220;]<\/p>\n<h1 class=\"title-george\">CR\u00c9MATION ET INCIN\u00c9RATION<\/h1>\n<h2 class=\"h2-page\">CR\u00c9MATION ET INHUMATION \u00c0 WAIMES (FAYMONVILLE), MALMEDY (PR\u00c8S DE STAVELOT) ET VIELSAM<\/h2>\n<p style=\"text-align: justify;\">Lorsque l&#8217;un de vos proches d\u00e9c\u00e8de, il vous faudra <strong>choisir entre la cr\u00e9mation et l&#8217;inhumation<\/strong>. Il s&#8217;agit de deux proc\u00e9d\u00e9s diff\u00e9rents ayant des co\u00fbts diff\u00e9rents et il n&#8217;est pas toujours \u00e9vident de faire un choix.<\/p>\n<h3>La cr\u00e9mation:<\/h3>\n<p style=\"text-align: justify;\">Le mot cr\u00e9mation vient du latin &#8222;cremare&#8220; qui signifie br\u00fbler. La cr\u00e9mation consiste \u00e0 br\u00fbler et r\u00e9duire en cendres le corps du d\u00e9funt. Gr\u00e2ce aux proc\u00e9d\u00e9s actuels, la cr\u00e9mation peut se faire de mani\u00e8re efficace et hygi\u00e9nique. Le corps du d\u00e9funt est plac\u00e9 dans un cercueil, ce cercueil est alors plac\u00e9 dans un four qui a \u00e9t\u00e9 pr\u00e9chauff\u00e9 \u00e0 une temp\u00e9rature de 800\u00b0C. Celle-ci peut ensuite monter jusqu&#8217;1.000\u00b0C. Suivant la corpulence du d\u00e9funt, la cr\u00e9mation peut prendre entre 1H30 et 2H.<\/p>\n<h3>L&#8217;inhumation:<\/h3>\n<p style=\"text-align: justify;\">Apr\u00e8s le d\u00e9c\u00e8s, le corps du d\u00e9funt pour \u00eatre enterr\u00e9, on appelle cela l&#8217;inhumation. Vous pourrez passer par un entrepreneur de pompes fun\u00e8bres qui s&#8217;occupera des formalit\u00e9s administratives ou organiser vous m\u00eame l&#8217;enterrement.<\/p>\n<p style=\"text-align: justify;\">Dans les deux cas, il faudra introduire une demande d&#8217;inhumation. Il vous faudra l&#8217;autorisation du fonctionnaire de l&#8217;\u00e9tat civial de votre commune pour pouvoir enterrer la personne d\u00e9c\u00e9d\u00e9e. Dans le cas o\u00f9 vous pasez par une entreprise de pompes fun\u00e8bres, les employ\u00e9s s&#8217;en occuperont pour vous.<\/p>\n<p style=\"text-align: justify;\"><strong>Il vous faudra ensuite choisir le type de concession que vous souhaitez:<\/strong><\/p>\n<p style=\"text-align: justify;\">&#8211; La <strong>terre commune<\/strong>: vous b\u00e9n\u00e9ficiez d&#8217;un emplacement dans le cimeti\u00e8re de votre commune et ce, gratuitement. Ce terrain permet d&#8217;enterrer une personne pour une dur\u00e9e limit\u00e9e (minimum 5 ans). Ces d\u00e9lais varient d&#8217;une commune \u00e0 l&#8217;autre mais une fois la dur\u00e9e termin\u00e9e, il n&#8217;est g\u00e9n\u00e9ralement pas autoris\u00e9 de prolonger la dur\u00e9e et cette parcelle sera utilis\u00e9e pour un autre d\u00e9funt.<\/p>\n<p style=\"text-align: left;\">&#8211; La <strong>concession en terre<\/strong>: vous pouvez acheter un emplacement dans un cimeti\u00e8re afin d&#8217;y enterrer un ou plusieurs d\u00e9funts pour un dur\u00e9e minimale de 10 ans. Le prix et la dur\u00e9e varient \u00e9galement en fonction de la commune et certains suppl\u00e9ments peuvent \u00eatre demand\u00e9s si la personne n&#8217;\u00e9tait pas domicili\u00e9e ou d\u00e9c\u00e9d\u00e9e dans cette commune. Attention qu&#8217;il vous faudra entretenir la tombe ou celle-ci sera reprise par la commune.<\/p>\n<p style=\"text-align: justify;\">&#8211; Le <strong>caveau<\/strong>: le caveau permet de placer plusieurs d\u00e9funts au m\u00eame endroit. La dur\u00e9e minimale est g\u00e9n\u00e9ralement de 20 ans et le prix varie en fonction des communes. Lorsque votre concession arrive \u00e0 son terme, il vous sera possible de la renouveler si vous le d\u00e9sirez.<\/p>\n<p style=\"text-align: justify;\"><strong>N&#8217;h\u00e9sitez pas \u00e0 nous contacter pour plus de renseignement concernant les possibilit\u00e9s qui s&#8220;offre \u00e0 vous en cas de d\u00e9c\u00e8s de l&#8217;un de vos proches<\/strong><\/p>\n<p>[\/et_pb_text][\/et_pb_column][et_pb_column type=&#8220;1_3&#8243;][et_pb_code _builder_version=&#8220;3.19.5&#8243;]<iframe width=\"560\" height=\"315\" src=\"https:\/\/www.youtube.com\/embed\/4-vlz23SkuE\" frameborder=\"0\" allow=\"accelerometer; autoplay; encrypted-media; gyroscope; picture-in-picture\" allowfullscreen><\/iframe>[\/et_pb_code][\/et_pb_column][\/et_pb_row][et_pb_row _builder_version=&#8220;3.19.5&#8243; make_fullwidth=&#8220;on&#8220; use_custom_width=&#8220;on&#8220; custom_width_px=&#8220;1115px&#8220; module_alignment=&#8220;center&#8220; custom_css_main_element=&#8220;border-top: 1px solid #e5e5e5 !important;||margin-top:20px !important;&#8220;][et_pb_column type=&#8220;1_6&#8243;][et_pb_image _builder_version=&#8220;3.19.5&#8243; url=&#8220;http:\/\/www.fleursdedeuil.be\/&#8220; module_class=&#8220;photo-bas&#8220; src=&#8220;https:\/\/georgesetfils.be\/wp-content\/uploads\/2019\/03\/img1.png&#8220; \/][\/et_pb_column][et_pb_column type=&#8220;1_6&#8243;][et_pb_image _builder_version=&#8220;3.19.5&#8243; url=&#8220;https:\/\/www.funalia.be\/&#8220; module_class=&#8220;photo-bas&#8220; src=&#8220;https:\/\/georgesetfils.be\/wp-content\/uploads\/2019\/03\/img12.png&#8220; \/][\/et_pb_column][et_pb_column type=&#8220;1_6&#8243;][et_pb_image _builder_version=&#8220;3.19.5&#8243; url=&#8220;http:\/\/www.funeralys.be\/&#8220; module_class=&#8220;photo-bas&#8220; src=&#8220;https:\/\/georgesetfils.be\/wp-content\/uploads\/2019\/03\/img3.png&#8220; \/][\/et_pb_column][et_pb_column type=&#8220;1_6&#8243;][et_pb_image _builder_version=&#8220;3.19.5&#8243; url=&#8220;http:\/\/www.respect-dignite.be\/&#8220; module_class=&#8220;photo-bas&#8220; src=&#8220;https:\/\/georgesetfils.be\/wp-content\/uploads\/2019\/03\/img4.png&#8220; \/][\/et_pb_column][et_pb_column type=&#8220;1_6&#8243;][et_pb_image _builder_version=&#8220;3.19.5&#8243; url=&#8220;http:\/\/www.funerailles.be\/&#8220; module_class=&#8220;photo-bas&#8220; src=&#8220;https:\/\/georgesetfils.be\/wp-content\/uploads\/2019\/03\/img5.jpg&#8220; \/][\/et_pb_column][et_pb_column type=&#8220;1_6&#8243;][et_pb_image _builder_version=&#8220;3.19.5&#8243; url=&#8220;http:\/\/www.funebra.be\/&#8220; module_class=&#8220;photo-bas&#8220; src=&#8220;https:\/\/georgesetfils.be\/wp-content\/uploads\/2019\/03\/img1-1.png&#8220; \/][\/et_pb_column][\/et_pb_row][\/et_pb_section]<\/p>\n","protected":false},"excerpt":{"rendered":"<p>Unser Unternehmen | Erstellung und Inhumation CR\u00c9MATION ET INCIN\u00c9RATIONCR\u00c9MATION ET INHUMATION \u00c0 WAIMES (FAYMONVILLE), MALMEDY (PR\u00c8S DE STAVELOT) ET VIELSAMLorsque l&#8217;un de vos proches d\u00e9c\u00e8de, il vous faudra choisir entre la cr\u00e9mation et l&#8217;inhumation. Il s&#8217;agit de deux proc\u00e9d\u00e9s diff\u00e9rents ayant des co\u00fbts diff\u00e9rents et il n&#8217;est pas toujours \u00e9vident de faire un choix.La cr\u00e9mation:Le mot cr\u00e9mation vient du latin &#8222;cremare&#8220; qui signifie br\u00fbler. La cr\u00e9mation consiste \u00e0 br\u00fbler et r\u00e9duire en cendres le corps du d\u00e9funt. Gr\u00e2ce aux proc\u00e9d\u00e9s actuels, la cr\u00e9mation peut se faire de mani\u00e8re efficace et hygi\u00e9nique. Le corps du d\u00e9funt est plac\u00e9 dans un cercueil, ce cercueil est alors plac\u00e9 dans un four qui a \u00e9t\u00e9 pr\u00e9chauff\u00e9 \u00e0 une temp\u00e9rature de 800\u00b0C. Celle-ci peut ensuite monter jusqu&#8217;1.000\u00b0C. Suivant la corpulence du d\u00e9funt, la cr\u00e9mation peut prendre entre 1H30 et 2H.L&#8217;inhumation:Apr\u00e8s le d\u00e9c\u00e8s, le corps du d\u00e9funt pour \u00eatre enterr\u00e9, on appelle cela l&#8217;inhumation. Vous pourrez passer par un entrepreneur de pompes fun\u00e8bres qui s&#8217;occupera des formalit\u00e9s administratives ou organiser vous m\u00eame l&#8217;enterrement.Dans les deux cas, il faudra introduire une demande d&#8217;inhumation. Il vous faudra l&#8217;autorisation du fonctionnaire de l&#8217;\u00e9tat civial de votre commune pour pouvoir enterrer la personne d\u00e9c\u00e9d\u00e9e. Dans le cas o\u00f9 vous pasez [&hellip;]<\/p>\n","protected":false},"author":3,"featured_media":0,"parent":0,"menu_order":0,"comment_status":"closed","ping_status":"closed","template":"","meta":{"_et_pb_use_builder":"on","_et_pb_old_content":"","_et_gb_content_width":"","footnotes":""},"class_list":["post-716","page","type-page","status-publish","hentry"],"aioseo_notices":[],"yoast_head":"<!-- This site is optimized with the Yoast SEO plugin v27.3 - https:\/\/yoast.com\/product\/yoast-seo-wordpress\/ -->\n<title>ERSTELLUNG UND INHUMATION - Fun\u00e9rariums Georges et Fils<\/title>\n<meta name=\"robots\" content=\"index, follow, max-snippet:-1, max-image-preview:large, max-video-preview:-1\" \/>\n<link rel=\"canonical\" href=\"https:\/\/georgesetfils.be\/de\/erstellung-und-inhumation\/\" \/>\n<meta property=\"og:locale\" content=\"de_DE\" \/>\n<meta property=\"og:type\" content=\"article\" \/>\n<meta property=\"og:title\" content=\"ERSTELLUNG UND INHUMATION - Fun\u00e9rariums Georges et Fils\" \/>\n<meta property=\"og:description\" content=\"Unser Unternehmen | Erstellung und Inhumation CR\u00c9MATION ET INCIN\u00c9RATIONCR\u00c9MATION ET INHUMATION \u00c0 WAIMES (FAYMONVILLE), MALMEDY (PR\u00c8S DE STAVELOT) ET VIELSAMLorsque l&#039;un de vos proches d\u00e9c\u00e8de, il vous faudra choisir entre la cr\u00e9mation et l&#039;inhumation. Il s&#039;agit de deux proc\u00e9d\u00e9s diff\u00e9rents ayant des co\u00fbts diff\u00e9rents et il n&#039;est pas toujours \u00e9vident de faire un choix.La cr\u00e9mation:Le mot cr\u00e9mation vient du latin &quot;cremare&quot; qui signifie br\u00fbler. La cr\u00e9mation consiste \u00e0 br\u00fbler et r\u00e9duire en cendres le corps du d\u00e9funt. Gr\u00e2ce aux proc\u00e9d\u00e9s actuels, la cr\u00e9mation peut se faire de mani\u00e8re efficace et hygi\u00e9nique. Le corps du d\u00e9funt est plac\u00e9 dans un cercueil, ce cercueil est alors plac\u00e9 dans un four qui a \u00e9t\u00e9 pr\u00e9chauff\u00e9 \u00e0 une temp\u00e9rature de 800\u00b0C. Celle-ci peut ensuite monter jusqu&#039;1.000\u00b0C. Suivant la corpulence du d\u00e9funt, la cr\u00e9mation peut prendre entre 1H30 et 2H.L&#039;inhumation:Apr\u00e8s le d\u00e9c\u00e8s, le corps du d\u00e9funt pour \u00eatre enterr\u00e9, on appelle cela l&#039;inhumation. Vous pourrez passer par un entrepreneur de pompes fun\u00e8bres qui s&#039;occupera des formalit\u00e9s administratives ou organiser vous m\u00eame l&#039;enterrement.Dans les deux cas, il faudra introduire une demande d&#039;inhumation. Il vous faudra l&#039;autorisation du fonctionnaire de l&#039;\u00e9tat civial de votre commune pour pouvoir enterrer la personne d\u00e9c\u00e9d\u00e9e. Dans le cas o\u00f9 vous pasez [&hellip;]\" \/>\n<meta property=\"og:url\" content=\"https:\/\/georgesetfils.be\/de\/erstellung-und-inhumation\/\" \/>\n<meta property=\"og:site_name\" content=\"Fun\u00e9rariums Georges et Fils\" \/>\n<meta property=\"article:modified_time\" content=\"2019-06-27T10:05:15+00:00\" \/>\n<meta name=\"twitter:card\" content=\"summary_large_image\" \/>\n<meta name=\"twitter:label1\" content=\"Gesch\u00e4tzte Lesezeit\" \/>\n\t<meta name=\"twitter:data1\" content=\"4\u00a0Minuten\" \/>\n<!-- \/ Yoast SEO plugin. -->","yoast_head_json":{"title":"ERSTELLUNG UND INHUMATION - Fun\u00e9rariums Georges et Fils","robots":{"index":"index","follow":"follow","max-snippet":"max-snippet:-1","max-image-preview":"max-image-preview:large","max-video-preview":"max-video-preview:-1"},"canonical":"https:\/\/georgesetfils.be\/de\/erstellung-und-inhumation\/","og_locale":"de_DE","og_type":"article","og_title":"ERSTELLUNG UND INHUMATION - Fun\u00e9rariums Georges et Fils","og_description":"Unser Unternehmen | Erstellung und Inhumation CR\u00c9MATION ET INCIN\u00c9RATIONCR\u00c9MATION ET INHUMATION \u00c0 WAIMES (FAYMONVILLE), MALMEDY (PR\u00c8S DE STAVELOT) ET VIELSAMLorsque l'un de vos proches d\u00e9c\u00e8de, il vous faudra choisir entre la cr\u00e9mation et l'inhumation. Il s'agit de deux proc\u00e9d\u00e9s diff\u00e9rents ayant des co\u00fbts diff\u00e9rents et il n'est pas toujours \u00e9vident de faire un choix.La cr\u00e9mation:Le mot cr\u00e9mation vient du latin \"cremare\" qui signifie br\u00fbler. La cr\u00e9mation consiste \u00e0 br\u00fbler et r\u00e9duire en cendres le corps du d\u00e9funt. Gr\u00e2ce aux proc\u00e9d\u00e9s actuels, la cr\u00e9mation peut se faire de mani\u00e8re efficace et hygi\u00e9nique. Le corps du d\u00e9funt est plac\u00e9 dans un cercueil, ce cercueil est alors plac\u00e9 dans un four qui a \u00e9t\u00e9 pr\u00e9chauff\u00e9 \u00e0 une temp\u00e9rature de 800\u00b0C. Celle-ci peut ensuite monter jusqu'1.000\u00b0C. Suivant la corpulence du d\u00e9funt, la cr\u00e9mation peut prendre entre 1H30 et 2H.L'inhumation:Apr\u00e8s le d\u00e9c\u00e8s, le corps du d\u00e9funt pour \u00eatre enterr\u00e9, on appelle cela l'inhumation. Vous pourrez passer par un entrepreneur de pompes fun\u00e8bres qui s'occupera des formalit\u00e9s administratives ou organiser vous m\u00eame l'enterrement.Dans les deux cas, il faudra introduire une demande d'inhumation. Il vous faudra l'autorisation du fonctionnaire de l'\u00e9tat civial de votre commune pour pouvoir enterrer la personne d\u00e9c\u00e9d\u00e9e. Dans le cas o\u00f9 vous pasez [&hellip;]","og_url":"https:\/\/georgesetfils.be\/de\/erstellung-und-inhumation\/","og_site_name":"Fun\u00e9rariums Georges et Fils","article_modified_time":"2019-06-27T10:05:15+00:00","twitter_card":"summary_large_image","twitter_misc":{"Gesch\u00e4tzte Lesezeit":"4\u00a0Minuten"},"schema":{"@context":"https:\/\/schema.org","@graph":[{"@type":"WebPage","@id":"https:\/\/georgesetfils.be\/de\/erstellung-und-inhumation\/","url":"https:\/\/georgesetfils.be\/de\/erstellung-und-inhumation\/","name":"ERSTELLUNG UND INHUMATION - Fun\u00e9rariums Georges et Fils","isPartOf":{"@id":"https:\/\/georgesetfils.be\/#website"},"datePublished":"2019-03-27T09:42:31+00:00","dateModified":"2019-06-27T10:05:15+00:00","breadcrumb":{"@id":"https:\/\/georgesetfils.be\/de\/erstellung-und-inhumation\/#breadcrumb"},"inLanguage":"de","potentialAction":[{"@type":"ReadAction","target":["https:\/\/georgesetfils.be\/de\/erstellung-und-inhumation\/"]}]},{"@type":"BreadcrumbList","@id":"https:\/\/georgesetfils.be\/de\/erstellung-und-inhumation\/#breadcrumb","itemListElement":[{"@type":"ListItem","position":1,"name":"Accueil","item":"https:\/\/georgesetfils.be\/de\/"},{"@type":"ListItem","position":2,"name":"ERSTELLUNG UND INHUMATION"}]},{"@type":"WebSite","@id":"https:\/\/georgesetfils.be\/#website","url":"https:\/\/georgesetfils.be\/","name":"Fun\u00e9rariums Georges et Fils","description":"Organisation de fun\u00e9railles","potentialAction":[{"@type":"SearchAction","target":{"@type":"EntryPoint","urlTemplate":"https:\/\/georgesetfils.be\/?s={search_term_string}"},"query-input":{"@type":"PropertyValueSpecification","valueRequired":true,"valueName":"search_term_string"}}],"inLanguage":"de"}]}},"_links":{"self":[{"href":"https:\/\/georgesetfils.be\/de\/wp-json\/wp\/v2\/pages\/716","targetHints":{"allow":["GET"]}}],"collection":[{"href":"https:\/\/georgesetfils.be\/de\/wp-json\/wp\/v2\/pages"}],"about":[{"href":"https:\/\/georgesetfils.be\/de\/wp-json\/wp\/v2\/types\/page"}],"author":[{"embeddable":true,"href":"https:\/\/georgesetfils.be\/de\/wp-json\/wp\/v2\/users\/3"}],"replies":[{"embeddable":true,"href":"https:\/\/georgesetfils.be\/de\/wp-json\/wp\/v2\/comments?post=716"}],"version-history":[{"count":1,"href":"https:\/\/georgesetfils.be\/de\/wp-json\/wp\/v2\/pages\/716\/revisions"}],"predecessor-version":[{"id":717,"href":"https:\/\/georgesetfils.be\/de\/wp-json\/wp\/v2\/pages\/716\/revisions\/717"}],"wp:attachment":[{"href":"https:\/\/georgesetfils.be\/de\/wp-json\/wp\/v2\/media?parent=716"}],"curies":[{"name":"wp","href":"https:\/\/api.w.org\/{rel}","templated":true}]}}