{"id":718,"date":"2019-03-27T09:47:08","date_gmt":"2019-03-27T09:47:08","guid":{"rendered":"https:\/\/georgesetfils.be\/funeral-konventionen\/"},"modified":"2019-06-28T12:14:24","modified_gmt":"2019-06-28T10:14:24","slug":"funeral-konventionen","status":"publish","type":"page","link":"https:\/\/georgesetfils.be\/de\/funeral-konventionen\/","title":{"rendered":"FUNERAL KONVENTIONEN"},"content":{"rendered":"<p>[et_pb_section bb_built=&#8220;1&#8243; _builder_version=&#8220;3.19.5&#8243; module_id=&#8220;haut-slider&#8220;][et_pb_row _builder_version=&#8220;3.19.5&#8243; module_class_2=&#8220;video-acc&#8220;][et_pb_column type=&#8220;2_3&#8243;][et_pb_text _builder_version=&#8220;3.19.5&#8243; text_font=&#8220;Raleway||||||||&#8220;]<\/p>\n<h1 class=\"title-george\">FUNERAL KONVENTIONEN<\/h1>\n<p style=\"text-align: justify;\"><strong>Respektieren Sie Ihre W\u00fcnsche<\/strong><\/p>\n<p style=\"text-align: justify;\">Durch die Zeit nehmen nun verschiedene Details der Beerdigung zu l\u00f6sen, verhindern, dass Sie Ihre Familie vor, die Entscheidungen in einer stressigen Zeit zu machen.<\/p>\n<p style=\"text-align: justify;\">Funeral Vereinbarung (Bestattung Vertr\u00e4ge) k\u00f6nnen Sie entscheiden, wie Sie Ihre Beerdigung stattfinden wird.<\/p>\n<p style=\"text-align: justify;\">Ihre Beerdigung Pensionsvertrag ist einzigartig und pers\u00f6nlich. Niemand aber man kann es aufheben und nur Sie haben die M\u00f6glichkeit, es jederzeit zu \u00e4ndern.<\/p>\n<p style=\"text-align: justify;\">Wir stehen zu Ihrer Verf\u00fcgung, um Ihnen zu helfen und treffen Sie zu Hause oder bei Ihnen zu Hause.<\/p>\n<p style=\"text-align: justify;\">In einem vertraulichen Gespr\u00e4ch ohne Verpflichtung f\u00fcr Sie, werden wir die Formel, die am besten Ihren W\u00fcnschen zusammen studieren.<\/p>\n<p><a class=\"btn btn-primary\" href=\"https:\/\/www.funalia.be\/fr\/prime-calculer\"> Pr\u00e4mienberechnung &gt;&gt; <\/a><\/p>\n<p>[\/et_pb_text][\/et_pb_column][et_pb_column type=&#8220;1_3&#8243;][et_pb_code _builder_version=&#8220;3.19.5&#8243;]<iframe width=\"560\" height=\"315\" src=\"https:\/\/www.youtube.com\/embed\/4-vlz23SkuE\" frameborder=\"0\" allow=\"accelerometer; autoplay; encrypted-media; gyroscope; picture-in-picture\" allowfullscreen><\/iframe>[\/et_pb_code][\/et_pb_column][\/et_pb_row][et_pb_row _builder_version=&#8220;3.19.5&#8243; make_fullwidth=&#8220;on&#8220; use_custom_width=&#8220;on&#8220; custom_width_px=&#8220;1115px&#8220; module_alignment=&#8220;center&#8220; custom_css_main_element=&#8220;border-top: 1px solid #e5e5e5 !important;||margin-top:20px !important;&#8220;][et_pb_column type=&#8220;1_6&#8243;][et_pb_image _builder_version=&#8220;3.19.5&#8243; url=&#8220;http:\/\/www.fleursdedeuil.be\/&#8220; module_class=&#8220;photo-bas&#8220; src=&#8220;https:\/\/georgesetfils.be\/wp-content\/uploads\/2019\/03\/img1.png&#8220; \/][\/et_pb_column][et_pb_column type=&#8220;1_6&#8243;][et_pb_image _builder_version=&#8220;3.19.5&#8243; url=&#8220;https:\/\/www.funalia.be\/&#8220; module_class=&#8220;photo-bas&#8220; src=&#8220;https:\/\/georgesetfils.be\/wp-content\/uploads\/2019\/03\/img12.png&#8220; \/][\/et_pb_column][et_pb_column type=&#8220;1_6&#8243;][et_pb_image _builder_version=&#8220;3.19.5&#8243; url=&#8220;http:\/\/www.funeralys.be\/&#8220; module_class=&#8220;photo-bas&#8220; src=&#8220;https:\/\/georgesetfils.be\/wp-content\/uploads\/2019\/03\/img3.png&#8220; \/][\/et_pb_column][et_pb_column type=&#8220;1_6&#8243;][et_pb_image _builder_version=&#8220;3.19.5&#8243; url=&#8220;http:\/\/www.respect-dignite.be\/&#8220; module_class=&#8220;photo-bas&#8220; src=&#8220;https:\/\/georgesetfils.be\/wp-content\/uploads\/2019\/03\/img4.png&#8220; \/][\/et_pb_column][et_pb_column type=&#8220;1_6&#8243;][et_pb_image _builder_version=&#8220;3.19.5&#8243; url=&#8220;http:\/\/www.funerailles.be\/&#8220; module_class=&#8220;photo-bas&#8220; src=&#8220;https:\/\/georgesetfils.be\/wp-content\/uploads\/2019\/03\/img5.jpg&#8220; \/][\/et_pb_column][et_pb_column type=&#8220;1_6&#8243;][et_pb_image _builder_version=&#8220;3.19.5&#8243; url=&#8220;http:\/\/www.funebra.be\/&#8220; module_class=&#8220;photo-bas&#8220; src=&#8220;https:\/\/georgesetfils.be\/wp-content\/uploads\/2019\/03\/img1-1.png&#8220; \/][\/et_pb_column][\/et_pb_row][\/et_pb_section]<\/p>\n","protected":false},"excerpt":{"rendered":"<p>FUNERAL KONVENTIONEN Respektieren Sie Ihre W\u00fcnsche Durch die Zeit nehmen nun verschiedene Details der Beerdigung zu l\u00f6sen, verhindern, dass Sie Ihre Familie vor, die Entscheidungen in einer stressigen Zeit zu machen. Funeral Vereinbarung (Bestattung Vertr\u00e4ge) k\u00f6nnen Sie entscheiden, wie Sie Ihre Beerdigung stattfinden wird. Ihre Beerdigung Pensionsvertrag ist einzigartig und pers\u00f6nlich. Niemand aber man kann es aufheben und nur Sie haben die M\u00f6glichkeit, es jederzeit zu \u00e4ndern. Wir stehen zu Ihrer Verf\u00fcgung, um Ihnen zu helfen und treffen Sie zu Hause oder bei Ihnen zu Hause. In einem vertraulichen Gespr\u00e4ch ohne Verpflichtung f\u00fcr Sie, werden wir die Formel, die am besten Ihren W\u00fcnschen zusammen studieren. Pr\u00e4mienberechnung &gt;&gt;<\/p>\n","protected":false},"author":3,"featured_media":0,"parent":0,"menu_order":0,"comment_status":"closed","ping_status":"closed","template":"","meta":{"_et_pb_use_builder":"on","_et_pb_old_content":"","_et_gb_content_width":"","footnotes":""},"class_list":["post-718","page","type-page","status-publish","hentry"],"aioseo_notices":[],"yoast_head":"<!-- This site is optimized with the Yoast SEO plugin v27.3 - https:\/\/yoast.com\/product\/yoast-seo-wordpress\/ -->\n<title>FUNERAL KONVENTIONEN - Fun\u00e9rariums Georges et Fils<\/title>\n<meta name=\"robots\" content=\"index, follow, max-snippet:-1, max-image-preview:large, max-video-preview:-1\" \/>\n<link rel=\"canonical\" href=\"https:\/\/georgesetfils.be\/de\/funeral-konventionen\/\" \/>\n<meta property=\"og:locale\" content=\"de_DE\" \/>\n<meta property=\"og:type\" content=\"article\" \/>\n<meta property=\"og:title\" content=\"FUNERAL KONVENTIONEN - Fun\u00e9rariums Georges et Fils\" \/>\n<meta property=\"og:description\" content=\"FUNERAL KONVENTIONEN Respektieren Sie Ihre W\u00fcnsche Durch die Zeit nehmen nun verschiedene Details der Beerdigung zu l\u00f6sen, verhindern, dass Sie Ihre Familie vor, die Entscheidungen in einer stressigen Zeit zu machen. Funeral Vereinbarung (Bestattung Vertr\u00e4ge) k\u00f6nnen Sie entscheiden, wie Sie Ihre Beerdigung stattfinden wird. Ihre Beerdigung Pensionsvertrag ist einzigartig und pers\u00f6nlich. Niemand aber man kann es aufheben und nur Sie haben die M\u00f6glichkeit, es jederzeit zu \u00e4ndern. Wir stehen zu Ihrer Verf\u00fcgung, um Ihnen zu helfen und treffen Sie zu Hause oder bei Ihnen zu Hause. In einem vertraulichen Gespr\u00e4ch ohne Verpflichtung f\u00fcr Sie, werden wir die Formel, die am besten Ihren W\u00fcnschen zusammen studieren. Pr\u00e4mienberechnung &gt;&gt;\" \/>\n<meta property=\"og:url\" content=\"https:\/\/georgesetfils.be\/de\/funeral-konventionen\/\" \/>\n<meta property=\"og:site_name\" content=\"Fun\u00e9rariums Georges et Fils\" \/>\n<meta property=\"article:modified_time\" content=\"2019-06-28T10:14:24+00:00\" \/>\n<meta name=\"twitter:card\" content=\"summary_large_image\" \/>\n<meta name=\"twitter:label1\" content=\"Gesch\u00e4tzte Lesezeit\" \/>\n\t<meta name=\"twitter:data1\" content=\"2\u00a0Minuten\" \/>\n<!-- \/ Yoast SEO plugin. -->","yoast_head_json":{"title":"FUNERAL KONVENTIONEN - Fun\u00e9rariums Georges et Fils","robots":{"index":"index","follow":"follow","max-snippet":"max-snippet:-1","max-image-preview":"max-image-preview:large","max-video-preview":"max-video-preview:-1"},"canonical":"https:\/\/georgesetfils.be\/de\/funeral-konventionen\/","og_locale":"de_DE","og_type":"article","og_title":"FUNERAL KONVENTIONEN - Fun\u00e9rariums Georges et Fils","og_description":"FUNERAL KONVENTIONEN Respektieren Sie Ihre W\u00fcnsche Durch die Zeit nehmen nun verschiedene Details der Beerdigung zu l\u00f6sen, verhindern, dass Sie Ihre Familie vor, die Entscheidungen in einer stressigen Zeit zu machen. Funeral Vereinbarung (Bestattung Vertr\u00e4ge) k\u00f6nnen Sie entscheiden, wie Sie Ihre Beerdigung stattfinden wird. Ihre Beerdigung Pensionsvertrag ist einzigartig und pers\u00f6nlich. Niemand aber man kann es aufheben und nur Sie haben die M\u00f6glichkeit, es jederzeit zu \u00e4ndern. Wir stehen zu Ihrer Verf\u00fcgung, um Ihnen zu helfen und treffen Sie zu Hause oder bei Ihnen zu Hause. In einem vertraulichen Gespr\u00e4ch ohne Verpflichtung f\u00fcr Sie, werden wir die Formel, die am besten Ihren W\u00fcnschen zusammen studieren. Pr\u00e4mienberechnung &gt;&gt;","og_url":"https:\/\/georgesetfils.be\/de\/funeral-konventionen\/","og_site_name":"Fun\u00e9rariums Georges et Fils","article_modified_time":"2019-06-28T10:14:24+00:00","twitter_card":"summary_large_image","twitter_misc":{"Gesch\u00e4tzte Lesezeit":"2\u00a0Minuten"},"schema":{"@context":"https:\/\/schema.org","@graph":[{"@type":"WebPage","@id":"https:\/\/georgesetfils.be\/de\/funeral-konventionen\/","url":"https:\/\/georgesetfils.be\/de\/funeral-konventionen\/","name":"FUNERAL KONVENTIONEN - Fun\u00e9rariums Georges et Fils","isPartOf":{"@id":"https:\/\/georgesetfils.be\/#website"},"datePublished":"2019-03-27T09:47:08+00:00","dateModified":"2019-06-28T10:14:24+00:00","breadcrumb":{"@id":"https:\/\/georgesetfils.be\/de\/funeral-konventionen\/#breadcrumb"},"inLanguage":"de","potentialAction":[{"@type":"ReadAction","target":["https:\/\/georgesetfils.be\/de\/funeral-konventionen\/"]}]},{"@type":"BreadcrumbList","@id":"https:\/\/georgesetfils.be\/de\/funeral-konventionen\/#breadcrumb","itemListElement":[{"@type":"ListItem","position":1,"name":"Accueil","item":"https:\/\/georgesetfils.be\/de\/"},{"@type":"ListItem","position":2,"name":"FUNERAL KONVENTIONEN"}]},{"@type":"WebSite","@id":"https:\/\/georgesetfils.be\/#website","url":"https:\/\/georgesetfils.be\/","name":"Fun\u00e9rariums Georges et Fils","description":"Organisation de fun\u00e9railles","potentialAction":[{"@type":"SearchAction","target":{"@type":"EntryPoint","urlTemplate":"https:\/\/georgesetfils.be\/?s={search_term_string}"},"query-input":{"@type":"PropertyValueSpecification","valueRequired":true,"valueName":"search_term_string"}}],"inLanguage":"de"}]}},"_links":{"self":[{"href":"https:\/\/georgesetfils.be\/de\/wp-json\/wp\/v2\/pages\/718","targetHints":{"allow":["GET"]}}],"collection":[{"href":"https:\/\/georgesetfils.be\/de\/wp-json\/wp\/v2\/pages"}],"about":[{"href":"https:\/\/georgesetfils.be\/de\/wp-json\/wp\/v2\/types\/page"}],"author":[{"embeddable":true,"href":"https:\/\/georgesetfils.be\/de\/wp-json\/wp\/v2\/users\/3"}],"replies":[{"embeddable":true,"href":"https:\/\/georgesetfils.be\/de\/wp-json\/wp\/v2\/comments?post=718"}],"version-history":[{"count":5,"href":"https:\/\/georgesetfils.be\/de\/wp-json\/wp\/v2\/pages\/718\/revisions"}],"predecessor-version":[{"id":895,"href":"https:\/\/georgesetfils.be\/de\/wp-json\/wp\/v2\/pages\/718\/revisions\/895"}],"wp:attachment":[{"href":"https:\/\/georgesetfils.be\/de\/wp-json\/wp\/v2\/media?parent=718"}],"curies":[{"name":"wp","href":"https:\/\/api.w.org\/{rel}","templated":true}]}}