{"id":729,"date":"2019-03-27T10:10:00","date_gmt":"2019-03-27T10:10:00","guid":{"rendered":"https:\/\/georgesetfils.be\/renovierung-von-denkmalern\/"},"modified":"2019-06-28T12:23:01","modified_gmt":"2019-06-28T10:23:01","slug":"renovierung-von-denkmalern","status":"publish","type":"page","link":"https:\/\/georgesetfils.be\/de\/renovierung-von-denkmalern\/","title":{"rendered":"RENOVIERUNG VON DENKM\u00c4LERN"},"content":{"rendered":"<p>[et_pb_section bb_built=&#8220;1&#8243; _builder_version=&#8220;3.19.5&#8243; module_id=&#8220;haut-slider&#8220;][et_pb_row _builder_version=&#8220;3.19.5&#8243; custom_css_main_element=&#8220;padding-bottom:0px !important;||margin-bottom:0px !important;&#8220;][et_pb_column type=&#8220;2_3&#8243;][et_pb_text _builder_version=&#8220;3.19.5&#8243;]<\/p>\n<h1 class=\"title-george\">RENOVIERUNG VON DENKM\u00c4LERN<\/h1>\n<p>[\/et_pb_text][\/et_pb_column][et_pb_column type=&#8220;1_3&#8243;][\/et_pb_column][\/et_pb_row][et_pb_row _builder_version=&#8220;3.19.5&#8243; module_class_3=&#8220;video-acc&#8220; module_class_2=&#8220;img-centrere&#8220;][et_pb_column type=&#8220;1_2&#8243;][et_pb_text _builder_version=&#8220;3.19.5&#8243; text_font=&#8220;Raleway||||||||&#8220;]<\/p>\n<p style=\"text-align: left;\"><strong>RENOV\u2019 MONUMENT<\/strong><\/p>\n<p style=\"text-align: left;\">R\u00e4umung von Gr\u00e4bern, Grabsteine Wartung, Bestattungen<\/p>\n<p style=\"text-align: left;\">Bl\u00fcte j\u00e4hrlich oder gelegentlich (1x, 3x, 6x, 12x)<\/p>\n<p style=\"text-align: left;\">Abgelegenheit, Mangel an Zeit &#8230; es ist nicht immer leicht zu pflegen oder Blumen auf dem Grab eines geliebten Menschen &#8230; und doch halten Sie davon.<\/p>\n<p style=\"text-align: left;\"><strong>Kontaktieren Sie uns unverbindlich:<\/strong><\/p>\n<p><a class=\"lien-phacc\" href=\"tel:+32476493212\">0476\/49.32.12<\/a> ou <a class=\"lien-phacc\" href=\"tel:+3280770691\"> 080\/77.06.91<\/a><br \/>\n<a class=\"lien-phacc\" href=\"mailto:laurentgeorges@skynet.be\">laurentgeorges@skynet.be<\/a><br \/>\nGeorges et Fils-Libouton<\/p>\n<p>[\/et_pb_text][\/et_pb_column][et_pb_column type=&#8220;1_4&#8243;][et_pb_image _builder_version=&#8220;3.19.5&#8243; src=&#8220;https:\/\/georgesetfils.be\/wp-content\/uploads\/2019\/03\/imginfo.png&#8220; show_in_lightbox=&#8220;on&#8220; \/][\/et_pb_column][et_pb_column type=&#8220;1_4&#8243;][et_pb_code _builder_version=&#8220;3.19.5&#8243;]<iframe width=\"560\" height=\"315\" src=\"https:\/\/www.youtube.com\/embed\/4-vlz23SkuE\" frameborder=\"0\" allow=\"accelerometer; autoplay; encrypted-media; gyroscope; picture-in-picture\" allowfullscreen><\/iframe>[\/et_pb_code][\/et_pb_column][\/et_pb_row][et_pb_row _builder_version=&#8220;3.19.5&#8243; make_fullwidth=&#8220;on&#8220; use_custom_width=&#8220;on&#8220; custom_width_px=&#8220;1115px&#8220; module_alignment=&#8220;center&#8220; custom_css_main_element=&#8220;border-top: 1px solid #e5e5e5 !important;||margin-top:20px !important;&#8220;][et_pb_column type=&#8220;1_6&#8243;][et_pb_image _builder_version=&#8220;3.19.5&#8243; url=&#8220;http:\/\/www.fleursdedeuil.be\/&#8220; module_class=&#8220;photo-bas&#8220; src=&#8220;https:\/\/georgesetfils.be\/wp-content\/uploads\/2019\/03\/img1.png&#8220; \/][\/et_pb_column][et_pb_column type=&#8220;1_6&#8243;][et_pb_image _builder_version=&#8220;3.19.5&#8243; url=&#8220;https:\/\/www.funalia.be\/&#8220; module_class=&#8220;photo-bas&#8220; src=&#8220;https:\/\/georgesetfils.be\/wp-content\/uploads\/2019\/03\/img12.png&#8220; \/][\/et_pb_column][et_pb_column type=&#8220;1_6&#8243;][et_pb_image _builder_version=&#8220;3.19.5&#8243; url=&#8220;http:\/\/www.funeralys.be\/&#8220; module_class=&#8220;photo-bas&#8220; src=&#8220;https:\/\/georgesetfils.be\/wp-content\/uploads\/2019\/03\/img3.png&#8220; \/][\/et_pb_column][et_pb_column type=&#8220;1_6&#8243;][et_pb_image _builder_version=&#8220;3.19.5&#8243; url=&#8220;http:\/\/www.respect-dignite.be\/&#8220; module_class=&#8220;photo-bas&#8220; src=&#8220;https:\/\/georgesetfils.be\/wp-content\/uploads\/2019\/03\/img4.png&#8220; \/][\/et_pb_column][et_pb_column type=&#8220;1_6&#8243;][et_pb_image _builder_version=&#8220;3.19.5&#8243; url=&#8220;http:\/\/www.funerailles.be\/&#8220; module_class=&#8220;photo-bas&#8220; src=&#8220;https:\/\/georgesetfils.be\/wp-content\/uploads\/2019\/03\/img5.jpg&#8220; \/][\/et_pb_column][et_pb_column type=&#8220;1_6&#8243;][et_pb_image _builder_version=&#8220;3.19.5&#8243; url=&#8220;http:\/\/www.funebra.be\/&#8220; module_class=&#8220;photo-bas&#8220; src=&#8220;https:\/\/georgesetfils.be\/wp-content\/uploads\/2019\/03\/img1-1.png&#8220; \/][\/et_pb_column][\/et_pb_row][\/et_pb_section]<\/p>\n","protected":false},"excerpt":{"rendered":"<p>RENOVIERUNG VON DENKM\u00c4LERN RENOV\u2019 MONUMENT R\u00e4umung von Gr\u00e4bern, Grabsteine Wartung, Bestattungen Bl\u00fcte j\u00e4hrlich oder gelegentlich (1x, 3x, 6x, 12x) Abgelegenheit, Mangel an Zeit &#8230; es ist nicht immer leicht zu pflegen oder Blumen auf dem Grab eines geliebten Menschen &#8230; und doch halten Sie davon. Kontaktieren Sie uns unverbindlich: 0476\/49.32.12 ou 080\/77.06.91 laurentgeorges@skynet.be Georges et Fils-Libouton<\/p>\n","protected":false},"author":3,"featured_media":0,"parent":0,"menu_order":0,"comment_status":"closed","ping_status":"closed","template":"","meta":{"_et_pb_use_builder":"on","_et_pb_old_content":"","_et_gb_content_width":"","footnotes":""},"class_list":["post-729","page","type-page","status-publish","hentry"],"aioseo_notices":[],"yoast_head":"<!-- This site is optimized with the Yoast SEO plugin v27.3 - https:\/\/yoast.com\/product\/yoast-seo-wordpress\/ -->\n<title>RENOVIERUNG VON DENKM\u00c4LERN - Fun\u00e9rariums Georges et Fils<\/title>\n<meta name=\"robots\" content=\"index, follow, max-snippet:-1, max-image-preview:large, max-video-preview:-1\" \/>\n<link rel=\"canonical\" href=\"https:\/\/georgesetfils.be\/de\/renovierung-von-denkmalern\/\" \/>\n<meta property=\"og:locale\" content=\"de_DE\" \/>\n<meta property=\"og:type\" content=\"article\" \/>\n<meta property=\"og:title\" content=\"RENOVIERUNG VON DENKM\u00c4LERN - Fun\u00e9rariums Georges et Fils\" \/>\n<meta property=\"og:description\" content=\"RENOVIERUNG VON DENKM\u00c4LERN RENOV\u2019 MONUMENT R\u00e4umung von Gr\u00e4bern, Grabsteine Wartung, Bestattungen Bl\u00fcte j\u00e4hrlich oder gelegentlich (1x, 3x, 6x, 12x) Abgelegenheit, Mangel an Zeit ... es ist nicht immer leicht zu pflegen oder Blumen auf dem Grab eines geliebten Menschen ... und doch halten Sie davon. Kontaktieren Sie uns unverbindlich: 0476\/49.32.12 ou 080\/77.06.91 laurentgeorges@skynet.be Georges et Fils-Libouton\" \/>\n<meta property=\"og:url\" content=\"https:\/\/georgesetfils.be\/de\/renovierung-von-denkmalern\/\" \/>\n<meta property=\"og:site_name\" content=\"Fun\u00e9rariums Georges et Fils\" \/>\n<meta property=\"article:modified_time\" content=\"2019-06-28T10:23:01+00:00\" \/>\n<meta name=\"twitter:card\" content=\"summary_large_image\" \/>\n<meta name=\"twitter:label1\" content=\"Gesch\u00e4tzte Lesezeit\" \/>\n\t<meta name=\"twitter:data1\" content=\"2\u00a0Minuten\" \/>\n<!-- \/ Yoast SEO plugin. -->","yoast_head_json":{"title":"RENOVIERUNG VON DENKM\u00c4LERN - Fun\u00e9rariums Georges et Fils","robots":{"index":"index","follow":"follow","max-snippet":"max-snippet:-1","max-image-preview":"max-image-preview:large","max-video-preview":"max-video-preview:-1"},"canonical":"https:\/\/georgesetfils.be\/de\/renovierung-von-denkmalern\/","og_locale":"de_DE","og_type":"article","og_title":"RENOVIERUNG VON DENKM\u00c4LERN - Fun\u00e9rariums Georges et Fils","og_description":"RENOVIERUNG VON DENKM\u00c4LERN RENOV\u2019 MONUMENT R\u00e4umung von Gr\u00e4bern, Grabsteine Wartung, Bestattungen Bl\u00fcte j\u00e4hrlich oder gelegentlich (1x, 3x, 6x, 12x) Abgelegenheit, Mangel an Zeit ... es ist nicht immer leicht zu pflegen oder Blumen auf dem Grab eines geliebten Menschen ... und doch halten Sie davon. Kontaktieren Sie uns unverbindlich: 0476\/49.32.12 ou 080\/77.06.91 laurentgeorges@skynet.be Georges et Fils-Libouton","og_url":"https:\/\/georgesetfils.be\/de\/renovierung-von-denkmalern\/","og_site_name":"Fun\u00e9rariums Georges et Fils","article_modified_time":"2019-06-28T10:23:01+00:00","twitter_card":"summary_large_image","twitter_misc":{"Gesch\u00e4tzte Lesezeit":"2\u00a0Minuten"},"schema":{"@context":"https:\/\/schema.org","@graph":[{"@type":"WebPage","@id":"https:\/\/georgesetfils.be\/de\/renovierung-von-denkmalern\/","url":"https:\/\/georgesetfils.be\/de\/renovierung-von-denkmalern\/","name":"RENOVIERUNG VON DENKM\u00c4LERN - Fun\u00e9rariums Georges et Fils","isPartOf":{"@id":"https:\/\/georgesetfils.be\/#website"},"datePublished":"2019-03-27T10:10:00+00:00","dateModified":"2019-06-28T10:23:01+00:00","breadcrumb":{"@id":"https:\/\/georgesetfils.be\/de\/renovierung-von-denkmalern\/#breadcrumb"},"inLanguage":"de","potentialAction":[{"@type":"ReadAction","target":["https:\/\/georgesetfils.be\/de\/renovierung-von-denkmalern\/"]}]},{"@type":"BreadcrumbList","@id":"https:\/\/georgesetfils.be\/de\/renovierung-von-denkmalern\/#breadcrumb","itemListElement":[{"@type":"ListItem","position":1,"name":"Accueil","item":"https:\/\/georgesetfils.be\/de\/"},{"@type":"ListItem","position":2,"name":"RENOVIERUNG VON DENKM\u00c4LERN"}]},{"@type":"WebSite","@id":"https:\/\/georgesetfils.be\/#website","url":"https:\/\/georgesetfils.be\/","name":"Fun\u00e9rariums Georges et Fils","description":"Organisation de fun\u00e9railles","potentialAction":[{"@type":"SearchAction","target":{"@type":"EntryPoint","urlTemplate":"https:\/\/georgesetfils.be\/?s={search_term_string}"},"query-input":{"@type":"PropertyValueSpecification","valueRequired":true,"valueName":"search_term_string"}}],"inLanguage":"de"}]}},"_links":{"self":[{"href":"https:\/\/georgesetfils.be\/de\/wp-json\/wp\/v2\/pages\/729","targetHints":{"allow":["GET"]}}],"collection":[{"href":"https:\/\/georgesetfils.be\/de\/wp-json\/wp\/v2\/pages"}],"about":[{"href":"https:\/\/georgesetfils.be\/de\/wp-json\/wp\/v2\/types\/page"}],"author":[{"embeddable":true,"href":"https:\/\/georgesetfils.be\/de\/wp-json\/wp\/v2\/users\/3"}],"replies":[{"embeddable":true,"href":"https:\/\/georgesetfils.be\/de\/wp-json\/wp\/v2\/comments?post=729"}],"version-history":[{"count":2,"href":"https:\/\/georgesetfils.be\/de\/wp-json\/wp\/v2\/pages\/729\/revisions"}],"predecessor-version":[{"id":896,"href":"https:\/\/georgesetfils.be\/de\/wp-json\/wp\/v2\/pages\/729\/revisions\/896"}],"wp:attachment":[{"href":"https:\/\/georgesetfils.be\/de\/wp-json\/wp\/v2\/media?parent=729"}],"curies":[{"name":"wp","href":"https:\/\/api.w.org\/{rel}","templated":true}]}}