{"id":733,"date":"2019-03-27T10:15:20","date_gmt":"2019-03-27T10:15:20","guid":{"rendered":"https:\/\/georgesetfils.be\/kontakt\/"},"modified":"2019-06-27T09:59:01","modified_gmt":"2019-06-27T09:59:01","slug":"kontakt","status":"publish","type":"page","link":"https:\/\/georgesetfils.be\/de\/kontakt\/","title":{"rendered":"KONTAKT"},"content":{"rendered":"<p>[et_pb_section fb_built=&#8220;1&#8243; module_id=&#8220;haut-slider&#8220; _builder_version=&#8220;3.19.5&#8243;][et_pb_row _builder_version=&#8220;3.19.5&#8243;][et_pb_column type=&#8220;4_4&#8243; _builder_version=&#8220;3.0.47&#8243; parallax=&#8220;off&#8220; parallax_method=&#8220;on&#8220;][et_pb_code _builder_version=&#8220;3.19.5&#8243;]<iframe src=\"https:\/\/www.google.com\/maps\/d\/embed?mid=10FOFE2zCW0d8I4zdt_xYEBfOgvlP2JkK\" width=\"1110\" height=\"450\"><\/iframe>[\/et_pb_code][\/et_pb_column][\/et_pb_row][et_pb_row module_class_2=&#8220;video-acc&#8220; _builder_version=&#8220;3.19.5&#8243;][et_pb_column type=&#8220;3_4&#8243; _builder_version=&#8220;3.0.47&#8243; parallax=&#8220;off&#8220; parallax_method=&#8220;on&#8220;][et_pb_text _builder_version=&#8220;3.19.5&#8243; text_font=&#8220;Raleway||||||||&#8220;]<\/p>\n<h1 class=\"title-george\">KONTAKT<\/h1>\n<p>[\/et_pb_text][et_pb_code _builder_version=&#8220;3.19.5&#8243;]\n<div class=\"wpcf7 no-js\" id=\"wpcf7-f735-o1\" lang=\"fr-FR\" dir=\"ltr\" data-wpcf7-id=\"735\">\n<div class=\"screen-reader-response\"><p role=\"status\" aria-live=\"polite\" aria-atomic=\"true\"><\/p> <ul><\/ul><\/div>\n<form action=\"\/de\/wp-json\/wp\/v2\/pages\/733#wpcf7-f735-o1\" method=\"post\" class=\"wpcf7-form init\" aria-label=\"Formulaire de contact\" novalidate=\"novalidate\" data-status=\"init\">\n<fieldset class=\"hidden-fields-container\"><input type=\"hidden\" name=\"_wpcf7\" value=\"735\" \/><input type=\"hidden\" name=\"_wpcf7_version\" value=\"6.1.5\" \/><input type=\"hidden\" name=\"_wpcf7_locale\" value=\"fr_FR\" \/><input type=\"hidden\" name=\"_wpcf7_unit_tag\" value=\"wpcf7-f735-o1\" \/><input type=\"hidden\" name=\"_wpcf7_container_post\" value=\"0\" \/><input type=\"hidden\" name=\"_wpcf7_posted_data_hash\" value=\"\" \/><input type=\"hidden\" name=\"_wpcf7_recaptcha_response\" value=\"\" \/>\n<\/fieldset>\n<p><label>Ihr Name<br \/>\n<span class=\"wpcf7-form-control-wrap\" data-name=\"text-129\"><input size=\"40\" maxlength=\"400\" class=\"wpcf7-form-control wpcf7-text wpcf7-validates-as-required champcontact\" aria-required=\"true\" aria-invalid=\"false\" value=\"\" type=\"text\" name=\"text-129\" \/><\/span><\/label><br \/>\n<label>Ihr Telefon<br \/>\n<span class=\"wpcf7-form-control-wrap\" data-name=\"tel-94\"><input size=\"40\" maxlength=\"400\" class=\"wpcf7-form-control wpcf7-tel wpcf7-validates-as-required wpcf7-text wpcf7-validates-as-tel champcontact\" aria-required=\"true\" aria-invalid=\"false\" value=\"\" type=\"tel\" name=\"tel-94\" \/><\/span><\/label><br \/>\n<label>Ihr E-mail Adresse<br \/>\n<span class=\"wpcf7-form-control-wrap\" data-name=\"email-796\"><input size=\"40\" maxlength=\"400\" class=\"wpcf7-form-control wpcf7-email wpcf7-validates-as-required wpcf7-text wpcf7-validates-as-email champcontact\" aria-required=\"true\" aria-invalid=\"false\" value=\"\" type=\"email\" name=\"email-796\" \/><\/span><\/label><br \/>\n<label>Betreff<br \/>\n<span class=\"wpcf7-form-control-wrap\" data-name=\"text-573\"><input size=\"40\" maxlength=\"400\" class=\"wpcf7-form-control wpcf7-text wpcf7-validates-as-required champcontact\" aria-required=\"true\" aria-invalid=\"false\" value=\"\" type=\"text\" name=\"text-573\" \/><\/span><\/label><br \/>\n<label>Nachricht<br \/>\n<span class=\"wpcf7-form-control-wrap\" data-name=\"textarea-840\"><textarea cols=\"40\" rows=\"10\" maxlength=\"2000\" class=\"wpcf7-form-control wpcf7-textarea wpcf7-validates-as-required zonechamp\" aria-required=\"true\" aria-invalid=\"false\" name=\"textarea-840\"><\/textarea><\/span><\/label><br \/>\n<span class=\"wpcf7-form-control-wrap\" data-name=\"acceptance-564\"><span class=\"wpcf7-form-control wpcf7-acceptance optional\"><span class=\"wpcf7-list-item\"><label><input type=\"checkbox\" name=\"acceptance-564\" value=\"1\" aria-invalid=\"false\" \/><span class=\"wpcf7-list-item-label\">Mit dem Absenden dieses Formulars stimme ich zu, dass die erfassten Informationen verwendet werden, um mich im Rahmen einer Gesch\u00e4ftsbeziehung wieder kontaktieren zu k\u00f6nnen.<\/span><\/label><\/span><\/span><\/span><br \/>\n<button class=\"wpcf7-form-control wpcf7-submit has-spinner et_pb_button et_pb_bg_layout_light boutonSubm\" type=\"submit\" value=\"Vorschau\">Vorschau<\/button>\n<\/p>\n<p>Diese Website ist durch reCAPTCHA und Google <a href=\"https:\/\/policies.google.com\/privacy\">Privatsph\u00e4re<\/a> gesch\u00fctzt und es gelten <a href=\"https:\/\/policies.google.com\/terms\">Nutzungsbedingungen<\/a>.\n<\/p><div class=\"wpcf7-response-output\" aria-hidden=\"true\"><\/div>\n<\/form>\n<\/div>\n[\/et_pb_code][\/et_pb_column][et_pb_column type=&#8220;1_4&#8243; _builder_version=&#8220;3.0.47&#8243; parallax=&#8220;off&#8220; parallax_method=&#8220;on&#8220; module_class=&#8220;video-acc&#8220;][et_pb_text _builder_version=&#8220;3.19.5&#8243;]<\/p>\n<h2>NOS ADRESSES<\/h2>\n<article id=\"node-1\" class=\"node node-configuration node-promoted clearfix\" about=\"\/fr\/georges-et-fils-sprl-funerariums-dans-les-environs-de-stavelot-malmedy-faymonville-waimes-et\" typeof=\"sioc:Item foaf:Document\">\n<header><span property=\"dc:title\" content=\"\" class=\"rdf-meta element-hidden\"><\/span><span property=\"sioc:num_replies\" content=\"0\" datatype=\"xsd:integer\" class=\"rdf-meta element-hidden\"><\/span><\/header>\n<div class=\"field-config-coordonnees\">\n<p><strong>Beerdigungsinstitut Georges &amp; fils<\/strong><\/p>\n<p> Rue des Arsilliers, 1B<\/p>\n<p> 4960 Malmedy<\/p>\n<p><a class=\"btn btn-primary\" href=\"https:\/\/goo.gl\/maps\/PKVD8U61Qbh6fAhr9\">Zeige den Weg !<\/a><\/p>\n<\/div>\n<hr>\n<div class=\"field-config-coordonnees\">\n<p><strong>Beerdigungsinstitut Georges &amp; fils<\/strong><\/p>\n<p> Rue de Wemmel, 13<\/p>\n<p> 4950 Faymonville<\/p>\n<p><a class=\"btn btn-primary\" href=\"https:\/\/goo.gl\/maps\/yz3yYeyDcLUcSUa27\">Zeige den Weg !<\/a><\/p>\n<\/div>\n<hr>\n<div class=\"field-config-coordonnees\">\n<p><strong>Beerdigungsinstitut Libouton<\/strong><\/p>\n<p> Rue G\u00e9n\u00e9ral Jacques, 18<\/p>\n<p> 6690 Vielsalm<\/p>\n<p><a class=\"btn btn-primary\" href=\"https:\/\/goo.gl\/maps\/rgzeR53dMYCUrPS67\">Richtung zeigen !<\/a><\/p>\n<\/div>\n<hr>\n<div class=\"field-config-coordonnees\">\n<p>D\u00e9nomination sociale : GEORGES ET FILS SPRL<\/p>\n<p>TVA : BE 046502344<\/p>\n<p><a href=\"mailto:laurentgeorges@skynet.be\"><\/a><\/p>\n<p> plateforme europ\u00e9enne de r\u00e8glement des litiges en ligne : <a href=\"http:\/\/ec.europa.eu\/odr\">http:\/\/ec.europa.eu\/odr<\/a><\/p>\n<hr>\n<p>&nbsp;<\/p>\n<\/div>\n<\/article>\n<p>Tel. : <a href=\"tel:+3280770691\">080 77 06 91<\/a><br \/>email: <a href=\"mailto:laurentgeorges@skynet.be\">laurentgeorges@skynet.be<\/a><\/p>\n<p>[\/et_pb_text][\/et_pb_column][\/et_pb_row][et_pb_row use_custom_width=&#8220;on&#8220; custom_width_px=&#8220;1115px&#8220; _builder_version=&#8220;3.19.5&#8243; module_alignment=&#8220;center&#8220; custom_css_main_element=&#8220;border-top: 1px solid #e5e5e5 !important;||margin-top:20px !important;&#8220;][et_pb_column type=&#8220;1_6&#8243; _builder_version=&#8220;3.0.47&#8243; parallax=&#8220;off&#8220; parallax_method=&#8220;on&#8220;][et_pb_image src=&#8220;https:\/\/georgesetfils.be\/wp-content\/uploads\/2019\/03\/img1.png&#8220; url=&#8220;http:\/\/www.fleursdedeuil.be\/&#8220; module_class=&#8220;photo-bas&#8220; _builder_version=&#8220;3.19.5&#8243;][\/et_pb_image][\/et_pb_column][et_pb_column type=&#8220;1_6&#8243; _builder_version=&#8220;3.0.47&#8243; parallax=&#8220;off&#8220; parallax_method=&#8220;on&#8220;][et_pb_image src=&#8220;https:\/\/georgesetfils.be\/wp-content\/uploads\/2019\/03\/img12.png&#8220; url=&#8220;https:\/\/www.funalia.be\/&#8220; module_class=&#8220;photo-bas&#8220; _builder_version=&#8220;3.19.5&#8243;][\/et_pb_image][\/et_pb_column][et_pb_column type=&#8220;1_6&#8243; _builder_version=&#8220;3.0.47&#8243; parallax=&#8220;off&#8220; parallax_method=&#8220;on&#8220;][et_pb_image src=&#8220;https:\/\/georgesetfils.be\/wp-content\/uploads\/2019\/03\/img3.png&#8220; url=&#8220;http:\/\/www.funeralys.be\/&#8220; module_class=&#8220;photo-bas&#8220; _builder_version=&#8220;3.19.5&#8243;][\/et_pb_image][\/et_pb_column][et_pb_column type=&#8220;1_6&#8243; _builder_version=&#8220;3.0.47&#8243; parallax=&#8220;off&#8220; parallax_method=&#8220;on&#8220;][et_pb_image src=&#8220;https:\/\/georgesetfils.be\/wp-content\/uploads\/2019\/03\/img4.png&#8220; url=&#8220;http:\/\/www.respect-dignite.be\/&#8220; module_class=&#8220;photo-bas&#8220; _builder_version=&#8220;3.19.5&#8243;][\/et_pb_image][\/et_pb_column][et_pb_column type=&#8220;1_6&#8243; _builder_version=&#8220;3.0.47&#8243; parallax=&#8220;off&#8220; parallax_method=&#8220;on&#8220;][et_pb_image src=&#8220;https:\/\/georgesetfils.be\/wp-content\/uploads\/2019\/03\/img5.jpg&#8220; url=&#8220;http:\/\/www.funerailles.be\/&#8220; module_class=&#8220;photo-bas&#8220; _builder_version=&#8220;3.19.5&#8243;][\/et_pb_image][\/et_pb_column][et_pb_column type=&#8220;1_6&#8243; _builder_version=&#8220;3.0.47&#8243; parallax=&#8220;off&#8220; parallax_method=&#8220;on&#8220;][et_pb_image src=&#8220;https:\/\/georgesetfils.be\/wp-content\/uploads\/2019\/03\/img1-1.png&#8220; url=&#8220;http:\/\/www.funebra.be\/&#8220; module_class=&#8220;photo-bas&#8220; _builder_version=&#8220;3.19.5&#8243;][\/et_pb_image][\/et_pb_column][\/et_pb_row][\/et_pb_section]<\/p>\n","protected":false},"excerpt":{"rendered":"<p>KONTAKT \n<div class=\"wpcf7 no-js\" id=\"wpcf7-f735-o2\" lang=\"fr-FR\" dir=\"ltr\" data-wpcf7-id=\"735\">\n<div class=\"screen-reader-response\"><p role=\"status\" aria-live=\"polite\" aria-atomic=\"true\"><\/p> <ul><\/ul><\/div>\n<form action=\"\/de\/wp-json\/wp\/v2\/pages\/733#wpcf7-f735-o2\" method=\"post\" class=\"wpcf7-form init\" aria-label=\"Formulaire de contact\" novalidate=\"novalidate\" data-status=\"init\">\n<fieldset class=\"hidden-fields-container\"><input type=\"hidden\" name=\"_wpcf7\" value=\"735\" \/><input type=\"hidden\" name=\"_wpcf7_version\" value=\"6.1.5\" \/><input type=\"hidden\" name=\"_wpcf7_locale\" value=\"fr_FR\" \/><input type=\"hidden\" name=\"_wpcf7_unit_tag\" value=\"wpcf7-f735-o2\" \/><input type=\"hidden\" name=\"_wpcf7_container_post\" value=\"0\" \/><input type=\"hidden\" name=\"_wpcf7_posted_data_hash\" value=\"\" \/><input type=\"hidden\" name=\"_wpcf7_recaptcha_response\" value=\"\" \/>\n<\/fieldset>\n<p><label>Ihr Name<br \/>\n<span class=\"wpcf7-form-control-wrap\" data-name=\"text-129\"><input size=\"40\" maxlength=\"400\" class=\"wpcf7-form-control wpcf7-text wpcf7-validates-as-required champcontact\" aria-required=\"true\" aria-invalid=\"false\" value=\"\" type=\"text\" name=\"text-129\" \/><\/span><\/label><br \/>\n<label>Ihr Telefon<br \/>\n<span class=\"wpcf7-form-control-wrap\" data-name=\"tel-94\"><input size=\"40\" maxlength=\"400\" class=\"wpcf7-form-control wpcf7-tel wpcf7-validates-as-required wpcf7-text wpcf7-validates-as-tel champcontact\" aria-required=\"true\" aria-invalid=\"false\" value=\"\" type=\"tel\" name=\"tel-94\" \/><\/span><\/label><br \/>\n<label>Ihr E-mail Adresse<br \/>\n<span class=\"wpcf7-form-control-wrap\" data-name=\"email-796\"><input size=\"40\" maxlength=\"400\" class=\"wpcf7-form-control wpcf7-email wpcf7-validates-as-required wpcf7-text wpcf7-validates-as-email champcontact\" aria-required=\"true\" aria-invalid=\"false\" value=\"\" type=\"email\" name=\"email-796\" \/><\/span><\/label><br \/>\n<label>Betreff<br \/>\n<span class=\"wpcf7-form-control-wrap\" data-name=\"text-573\"><input size=\"40\" maxlength=\"400\" class=\"wpcf7-form-control wpcf7-text wpcf7-validates-as-required champcontact\" aria-required=\"true\" aria-invalid=\"false\" value=\"\" type=\"text\" name=\"text-573\" \/><\/span><\/label><br \/>\n<label>Nachricht<br \/>\n<span class=\"wpcf7-form-control-wrap\" data-name=\"textarea-840\"><textarea cols=\"40\" rows=\"10\" maxlength=\"2000\" class=\"wpcf7-form-control wpcf7-textarea wpcf7-validates-as-required zonechamp\" aria-required=\"true\" aria-invalid=\"false\" name=\"textarea-840\"><\/textarea><\/span><\/label><br \/>\n<span class=\"wpcf7-form-control-wrap\" data-name=\"acceptance-564\"><span class=\"wpcf7-form-control wpcf7-acceptance optional\"><span class=\"wpcf7-list-item\"><label><input type=\"checkbox\" name=\"acceptance-564\" value=\"1\" aria-invalid=\"false\" \/><span class=\"wpcf7-list-item-label\">Mit dem Absenden dieses Formulars stimme ich zu, dass die erfassten Informationen verwendet werden, um mich im Rahmen einer Gesch\u00e4ftsbeziehung wieder kontaktieren zu k\u00f6nnen.<\/span><\/label><\/span><\/span><\/span><br \/>\n<button class=\"wpcf7-form-control wpcf7-submit has-spinner et_pb_button et_pb_bg_layout_light boutonSubm\" type=\"submit\" value=\"Vorschau\">Vorschau<\/button>\n<\/p>\n<p>Diese Website ist durch reCAPTCHA und Google <a href=\"https:\/\/policies.google.com\/privacy\">Privatsph\u00e4re<\/a> gesch\u00fctzt und es gelten <a href=\"https:\/\/policies.google.com\/terms\">Nutzungsbedingungen<\/a>.\n<\/p><div class=\"wpcf7-response-output\" aria-hidden=\"true\"><\/div>\n<\/form>\n<\/div>\nNOS ADRESSES Beerdigungsinstitut Georges &amp; fils Rue des Arsilliers, 1B 4960 Malmedy Zeige den Weg ! Beerdigungsinstitut Georges &amp; fils Rue de Wemmel, 13 4950 Faymonville Zeige den Weg ! Beerdigungsinstitut Libouton Rue G\u00e9n\u00e9ral Jacques, 18 6690 Vielsalm Richtung zeigen ! D\u00e9nomination sociale : GEORGES ET FILS SPRL TVA : BE 046502344 plateforme europ\u00e9enne de r\u00e8glement des litiges en ligne : http:\/\/ec.europa.eu\/odr &nbsp; Tel. : 080 77 06 91email: laurentgeorges@skynet.be<\/p>\n","protected":false},"author":3,"featured_media":0,"parent":0,"menu_order":0,"comment_status":"closed","ping_status":"closed","template":"","meta":{"_et_pb_use_builder":"on","_et_pb_old_content":"","_et_gb_content_width":"","footnotes":""},"class_list":["post-733","page","type-page","status-publish","hentry"],"aioseo_notices":[],"yoast_head":"<!-- This site is optimized with the Yoast SEO plugin v27.3 - https:\/\/yoast.com\/product\/yoast-seo-wordpress\/ -->\n<title>KONTAKT - Fun\u00e9rariums Georges et Fils<\/title>\n<meta name=\"robots\" content=\"index, follow, max-snippet:-1, max-image-preview:large, max-video-preview:-1\" \/>\n<link rel=\"canonical\" href=\"https:\/\/georgesetfils.be\/de\/kontakt\/\" \/>\n<meta property=\"og:locale\" content=\"de_DE\" \/>\n<meta property=\"og:type\" content=\"article\" \/>\n<meta property=\"og:title\" content=\"KONTAKT - Fun\u00e9rariums Georges et Fils\" \/>\n<meta property=\"og:description\" content=\"KONTAKT NOS ADRESSES Beerdigungsinstitut Georges &amp; fils Rue des Arsilliers, 1B 4960 Malmedy Zeige den Weg ! Beerdigungsinstitut Georges &amp; fils Rue de Wemmel, 13 4950 Faymonville Zeige den Weg ! Beerdigungsinstitut Libouton Rue G\u00e9n\u00e9ral Jacques, 18 6690 Vielsalm Richtung zeigen ! D\u00e9nomination sociale : GEORGES ET FILS SPRL TVA : BE 046502344 plateforme europ\u00e9enne de r\u00e8glement des litiges en ligne : http:\/\/ec.europa.eu\/odr &nbsp; Tel. : 080 77 06 91email: laurentgeorges@skynet.be\" \/>\n<meta property=\"og:url\" content=\"https:\/\/georgesetfils.be\/de\/kontakt\/\" \/>\n<meta property=\"og:site_name\" content=\"Fun\u00e9rariums Georges et Fils\" \/>\n<meta property=\"article:modified_time\" content=\"2019-06-27T09:59:01+00:00\" \/>\n<meta name=\"twitter:card\" content=\"summary_large_image\" \/>\n<meta name=\"twitter:label1\" content=\"Gesch\u00e4tzte Lesezeit\" \/>\n\t<meta name=\"twitter:data1\" content=\"2\u00a0Minuten\" \/>\n<!-- \/ Yoast SEO plugin. -->","yoast_head_json":{"title":"KONTAKT - Fun\u00e9rariums Georges et Fils","robots":{"index":"index","follow":"follow","max-snippet":"max-snippet:-1","max-image-preview":"max-image-preview:large","max-video-preview":"max-video-preview:-1"},"canonical":"https:\/\/georgesetfils.be\/de\/kontakt\/","og_locale":"de_DE","og_type":"article","og_title":"KONTAKT - Fun\u00e9rariums Georges et Fils","og_description":"KONTAKT NOS ADRESSES Beerdigungsinstitut Georges &amp; fils Rue des Arsilliers, 1B 4960 Malmedy Zeige den Weg ! Beerdigungsinstitut Georges &amp; fils Rue de Wemmel, 13 4950 Faymonville Zeige den Weg ! Beerdigungsinstitut Libouton Rue G\u00e9n\u00e9ral Jacques, 18 6690 Vielsalm Richtung zeigen ! D\u00e9nomination sociale : GEORGES ET FILS SPRL TVA : BE 046502344 plateforme europ\u00e9enne de r\u00e8glement des litiges en ligne : http:\/\/ec.europa.eu\/odr &nbsp; Tel. : 080 77 06 91email: laurentgeorges@skynet.be","og_url":"https:\/\/georgesetfils.be\/de\/kontakt\/","og_site_name":"Fun\u00e9rariums Georges et Fils","article_modified_time":"2019-06-27T09:59:01+00:00","twitter_card":"summary_large_image","twitter_misc":{"Gesch\u00e4tzte Lesezeit":"2\u00a0Minuten"},"schema":{"@context":"https:\/\/schema.org","@graph":[{"@type":"WebPage","@id":"https:\/\/georgesetfils.be\/de\/kontakt\/","url":"https:\/\/georgesetfils.be\/de\/kontakt\/","name":"KONTAKT - Fun\u00e9rariums Georges et Fils","isPartOf":{"@id":"https:\/\/georgesetfils.be\/#website"},"datePublished":"2019-03-27T10:15:20+00:00","dateModified":"2019-06-27T09:59:01+00:00","breadcrumb":{"@id":"https:\/\/georgesetfils.be\/de\/kontakt\/#breadcrumb"},"inLanguage":"de","potentialAction":[{"@type":"ReadAction","target":["https:\/\/georgesetfils.be\/de\/kontakt\/"]}]},{"@type":"BreadcrumbList","@id":"https:\/\/georgesetfils.be\/de\/kontakt\/#breadcrumb","itemListElement":[{"@type":"ListItem","position":1,"name":"Accueil","item":"https:\/\/georgesetfils.be\/de\/"},{"@type":"ListItem","position":2,"name":"KONTAKT"}]},{"@type":"WebSite","@id":"https:\/\/georgesetfils.be\/#website","url":"https:\/\/georgesetfils.be\/","name":"Fun\u00e9rariums Georges et Fils","description":"Organisation de fun\u00e9railles","potentialAction":[{"@type":"SearchAction","target":{"@type":"EntryPoint","urlTemplate":"https:\/\/georgesetfils.be\/?s={search_term_string}"},"query-input":{"@type":"PropertyValueSpecification","valueRequired":true,"valueName":"search_term_string"}}],"inLanguage":"de"}]}},"_links":{"self":[{"href":"https:\/\/georgesetfils.be\/de\/wp-json\/wp\/v2\/pages\/733","targetHints":{"allow":["GET"]}}],"collection":[{"href":"https:\/\/georgesetfils.be\/de\/wp-json\/wp\/v2\/pages"}],"about":[{"href":"https:\/\/georgesetfils.be\/de\/wp-json\/wp\/v2\/types\/page"}],"author":[{"embeddable":true,"href":"https:\/\/georgesetfils.be\/de\/wp-json\/wp\/v2\/users\/3"}],"replies":[{"embeddable":true,"href":"https:\/\/georgesetfils.be\/de\/wp-json\/wp\/v2\/comments?post=733"}],"version-history":[{"count":7,"href":"https:\/\/georgesetfils.be\/de\/wp-json\/wp\/v2\/pages\/733\/revisions"}],"predecessor-version":[{"id":862,"href":"https:\/\/georgesetfils.be\/de\/wp-json\/wp\/v2\/pages\/733\/revisions\/862"}],"wp:attachment":[{"href":"https:\/\/georgesetfils.be\/de\/wp-json\/wp\/v2\/media?parent=733"}],"curies":[{"name":"wp","href":"https:\/\/api.w.org\/{rel}","templated":true}]}}