{"id":756,"date":"2019-03-27T11:13:27","date_gmt":"2019-03-27T11:13:27","guid":{"rendered":"https:\/\/georgesetfils.be\/letzte-ehre\/"},"modified":"2019-03-27T11:17:09","modified_gmt":"2019-03-27T11:17:09","slug":"letzte-ehre","status":"publish","type":"page","link":"https:\/\/georgesetfils.be\/de\/letzte-ehre\/","title":{"rendered":"LETZTE EHRE"},"content":{"rendered":"<p>[et_pb_section bb_built=&#8220;1&#8243; _builder_version=&#8220;3.19.5&#8243; module_id=&#8220;haut-slider&#8220;][et_pb_row _builder_version=&#8220;3.19.5&#8243;][et_pb_column type=&#8220;2_3&#8243;][et_pb_text _builder_version=&#8220;3.19.5&#8243; module_class=&#8220;style-lienhaut&#8220;]<\/p>\n<p><a class=\"lien-phacc\" href=\"https:\/\/georgesetfils.be\/de\/letzte-ehre\/\">Tod<\/a> | Letzte Ehre<\/p>\n<p>[\/et_pb_text][\/et_pb_column][et_pb_column type=&#8220;1_3&#8243;][\/et_pb_column][\/et_pb_row][et_pb_row _builder_version=&#8220;3.19.5&#8243; module_class_2=&#8220;video-acc&#8220;][et_pb_column type=&#8220;2_3&#8243;][et_pb_text _builder_version=&#8220;3.19.5&#8243; text_font=&#8220;Raleway||||||||&#8220;]<\/p>\n<h1 class=\"title-george\">LETZTE EHRE<\/h1>\n<p style=\"text-align: left;\">Sie m\u00f6chten die letzte Ehre in einem Todesfall erweisen.<\/p>\n<p style=\"text-align: left;\">Sie k\u00f6nnen es \u00fcber das Beileidsbuch auf der Webseite Enaos.net erledigen<\/p>\n<p style=\"text-align: left;\"><a class=\"btn btn-primary\" href=\"https:\/\/www.enaos.net\/P1200.aspx?direct=34\" target=\"_blank\" rel=\"noopener noreferrer\">Ein Beileid aussprechen, jetzt Todes Georges et fils sprl<\/a><\/p>\n<p style=\"text-align: left;\"><a class=\"btn btn-primary\" href=\"http:\/\/www.enaos.net\/P1200.aspx?direct=414\" target=\"_blank\" rel=\"noopener noreferrer\">Ein Beileid aussprechen, jetzt Todes Libouton<\/a><\/p>\n<hr \/>\n<p style=\"text-align: left;\">Vous d\u00e9sirez d\u00e9poser des fleurs ? Choisissez dans notre catalogue !<\/p>\n<p style=\"text-align: left;\"><a class=\"btn btn-primary\" href=\"http:\/\/www.enaos.net\/P1200.aspx?direct=34\" target=\"_blank\" rel=\"noopener noreferrer\">Jetzt legen Blumen\u00a0via Enaos, PF Geroges et fils sprl<\/a><\/p>\n<p style=\"text-align: left;\"><a class=\"btn btn-primary\" href=\"http:\/\/www.enaos.net\/P1200.aspx?direct=414\" target=\"_blank\" rel=\"noopener noreferrer\">Jetzt legen Blumen\u00a0via Enaos, PF Libouton<\/a><\/p>\n<p style=\"text-align: left;\">klichen Sie auf den Namen des Toten dann <em>faites envoyer des fleurs.\u00a0<\/em>ausw\u00e4hlen im Katalog klicken Sie dann auf <em>Commander<\/em><\/p>\n<hr \/>\n<p style=\"text-align: left;\">Jetzt legen Blumen auf der Webseite fleursdedeuil.be :<\/p>\n<p><a href=\"http:\/\/www.fleursdedeuil.be\/?aff=103\" target=\"_blank\" rel=\"noopener noreferrer\"><img decoding=\"async\" style=\"height: 52px; width: 319px;\" src=\"https:\/\/georgesetfils.be\/wp-content\/uploads\/2019\/03\/wp703616a6_05_06.jpg\" alt=\"\" \/><\/a><\/p>\n<p>[\/et_pb_text][\/et_pb_column][et_pb_column type=&#8220;1_3&#8243;][et_pb_code _builder_version=&#8220;3.19.5&#8243;]<iframe width=\"560\" height=\"315\" src=\"https:\/\/www.youtube.com\/embed\/4-vlz23SkuE\" frameborder=\"0\" allow=\"accelerometer; autoplay; encrypted-media; gyroscope; picture-in-picture\" allowfullscreen><\/iframe>[\/et_pb_code][\/et_pb_column][\/et_pb_row][et_pb_row _builder_version=&#8220;3.19.5&#8243; make_fullwidth=&#8220;on&#8220; use_custom_width=&#8220;on&#8220; custom_width_px=&#8220;1115px&#8220; module_alignment=&#8220;center&#8220; custom_css_main_element=&#8220;border-top: 1px solid #e5e5e5 !important;||margin-top:20px !important;&#8220;][et_pb_column type=&#8220;1_6&#8243;][et_pb_image _builder_version=&#8220;3.19.5&#8243; url=&#8220;http:\/\/www.fleursdedeuil.be\/&#8220; module_class=&#8220;photo-bas&#8220; src=&#8220;https:\/\/georgesetfils.be\/wp-content\/uploads\/2019\/03\/img1.png&#8220; \/][\/et_pb_column][et_pb_column type=&#8220;1_6&#8243;][et_pb_image _builder_version=&#8220;3.19.5&#8243; url=&#8220;https:\/\/www.funalia.be\/&#8220; module_class=&#8220;photo-bas&#8220; src=&#8220;https:\/\/georgesetfils.be\/wp-content\/uploads\/2019\/03\/img12.png&#8220; \/][\/et_pb_column][et_pb_column type=&#8220;1_6&#8243;][et_pb_image _builder_version=&#8220;3.19.5&#8243; url=&#8220;http:\/\/www.funeralys.be\/&#8220; module_class=&#8220;photo-bas&#8220; src=&#8220;https:\/\/georgesetfils.be\/wp-content\/uploads\/2019\/03\/img3.png&#8220; \/][\/et_pb_column][et_pb_column type=&#8220;1_6&#8243;][et_pb_image _builder_version=&#8220;3.19.5&#8243; url=&#8220;http:\/\/www.respect-dignite.be\/&#8220; module_class=&#8220;photo-bas&#8220; src=&#8220;https:\/\/georgesetfils.be\/wp-content\/uploads\/2019\/03\/img4.png&#8220; \/][\/et_pb_column][et_pb_column type=&#8220;1_6&#8243;][et_pb_image _builder_version=&#8220;3.19.5&#8243; url=&#8220;http:\/\/www.funerailles.be\/&#8220; module_class=&#8220;photo-bas&#8220; src=&#8220;https:\/\/georgesetfils.be\/wp-content\/uploads\/2019\/03\/img5.jpg&#8220; \/][\/et_pb_column][et_pb_column type=&#8220;1_6&#8243;][et_pb_image _builder_version=&#8220;3.19.5&#8243; url=&#8220;http:\/\/www.funebra.be\/&#8220; module_class=&#8220;photo-bas&#8220; src=&#8220;https:\/\/georgesetfils.be\/wp-content\/uploads\/2019\/03\/img1-1.png&#8220; \/][\/et_pb_column][\/et_pb_row][\/et_pb_section]<\/p>\n","protected":false},"excerpt":{"rendered":"<p>Tod | Letzte Ehre LETZTE EHRE Sie m\u00f6chten die letzte Ehre in einem Todesfall erweisen. Sie k\u00f6nnen es \u00fcber das Beileidsbuch auf der Webseite Enaos.net erledigen Ein Beileid aussprechen, jetzt Todes Georges et fils sprl Ein Beileid aussprechen, jetzt Todes Libouton Vous d\u00e9sirez d\u00e9poser des fleurs ? Choisissez dans notre catalogue ! Jetzt legen Blumen\u00a0via Enaos, PF Geroges et fils sprl Jetzt legen Blumen\u00a0via Enaos, PF Libouton klichen Sie auf den Namen des Toten dann faites envoyer des fleurs.\u00a0ausw\u00e4hlen im Katalog klicken Sie dann auf Commander Jetzt legen Blumen auf der Webseite fleursdedeuil.be :<\/p>\n","protected":false},"author":3,"featured_media":0,"parent":0,"menu_order":0,"comment_status":"closed","ping_status":"closed","template":"","meta":{"_et_pb_use_builder":"on","_et_pb_old_content":"","_et_gb_content_width":"","footnotes":""},"class_list":["post-756","page","type-page","status-publish","hentry"],"aioseo_notices":[],"yoast_head":"<!-- This site is optimized with the Yoast SEO plugin v27.3 - https:\/\/yoast.com\/product\/yoast-seo-wordpress\/ -->\n<title>LETZTE EHRE - Fun\u00e9rariums Georges et Fils<\/title>\n<meta name=\"robots\" content=\"index, follow, max-snippet:-1, max-image-preview:large, max-video-preview:-1\" \/>\n<link rel=\"canonical\" href=\"https:\/\/georgesetfils.be\/de\/letzte-ehre\/\" \/>\n<meta property=\"og:locale\" content=\"de_DE\" \/>\n<meta property=\"og:type\" content=\"article\" \/>\n<meta property=\"og:title\" content=\"LETZTE EHRE - Fun\u00e9rariums Georges et Fils\" \/>\n<meta property=\"og:description\" content=\"Tod | Letzte Ehre LETZTE EHRE Sie m\u00f6chten die letzte Ehre in einem Todesfall erweisen. Sie k\u00f6nnen es \u00fcber das Beileidsbuch auf der Webseite Enaos.net erledigen Ein Beileid aussprechen, jetzt Todes Georges et fils sprl Ein Beileid aussprechen, jetzt Todes Libouton Vous d\u00e9sirez d\u00e9poser des fleurs ? Choisissez dans notre catalogue ! Jetzt legen Blumen\u00a0via Enaos, PF Geroges et fils sprl Jetzt legen Blumen\u00a0via Enaos, PF Libouton klichen Sie auf den Namen des Toten dann faites envoyer des fleurs.\u00a0ausw\u00e4hlen im Katalog klicken Sie dann auf Commander Jetzt legen Blumen auf der Webseite fleursdedeuil.be :\" \/>\n<meta property=\"og:url\" content=\"https:\/\/georgesetfils.be\/de\/letzte-ehre\/\" \/>\n<meta property=\"og:site_name\" content=\"Fun\u00e9rariums Georges et Fils\" \/>\n<meta property=\"article:modified_time\" content=\"2019-03-27T11:17:09+00:00\" \/>\n<meta property=\"og:image\" content=\"https:\/\/georgesetfils.be\/wp-content\/uploads\/2019\/03\/wp703616a6_05_06.jpg\" \/>\n<meta name=\"twitter:card\" content=\"summary_large_image\" \/>\n<meta name=\"twitter:label1\" content=\"Gesch\u00e4tzte Lesezeit\" \/>\n\t<meta name=\"twitter:data1\" content=\"2\u00a0Minuten\" \/>\n<!-- \/ Yoast SEO plugin. -->","yoast_head_json":{"title":"LETZTE EHRE - Fun\u00e9rariums Georges et Fils","robots":{"index":"index","follow":"follow","max-snippet":"max-snippet:-1","max-image-preview":"max-image-preview:large","max-video-preview":"max-video-preview:-1"},"canonical":"https:\/\/georgesetfils.be\/de\/letzte-ehre\/","og_locale":"de_DE","og_type":"article","og_title":"LETZTE EHRE - Fun\u00e9rariums Georges et Fils","og_description":"Tod | Letzte Ehre LETZTE EHRE Sie m\u00f6chten die letzte Ehre in einem Todesfall erweisen. Sie k\u00f6nnen es \u00fcber das Beileidsbuch auf der Webseite Enaos.net erledigen Ein Beileid aussprechen, jetzt Todes Georges et fils sprl Ein Beileid aussprechen, jetzt Todes Libouton Vous d\u00e9sirez d\u00e9poser des fleurs ? Choisissez dans notre catalogue ! Jetzt legen Blumen\u00a0via Enaos, PF Geroges et fils sprl Jetzt legen Blumen\u00a0via Enaos, PF Libouton klichen Sie auf den Namen des Toten dann faites envoyer des fleurs.\u00a0ausw\u00e4hlen im Katalog klicken Sie dann auf Commander Jetzt legen Blumen auf der Webseite fleursdedeuil.be :","og_url":"https:\/\/georgesetfils.be\/de\/letzte-ehre\/","og_site_name":"Fun\u00e9rariums Georges et Fils","article_modified_time":"2019-03-27T11:17:09+00:00","og_image":[{"url":"https:\/\/georgesetfils.be\/wp-content\/uploads\/2019\/03\/wp703616a6_05_06.jpg","type":"","width":"","height":""}],"twitter_card":"summary_large_image","twitter_misc":{"Gesch\u00e4tzte Lesezeit":"2\u00a0Minuten"},"schema":{"@context":"https:\/\/schema.org","@graph":[{"@type":"WebPage","@id":"https:\/\/georgesetfils.be\/de\/letzte-ehre\/","url":"https:\/\/georgesetfils.be\/de\/letzte-ehre\/","name":"LETZTE EHRE - Fun\u00e9rariums Georges et Fils","isPartOf":{"@id":"https:\/\/georgesetfils.be\/#website"},"primaryImageOfPage":{"@id":"https:\/\/georgesetfils.be\/de\/letzte-ehre\/#primaryimage"},"image":{"@id":"https:\/\/georgesetfils.be\/de\/letzte-ehre\/#primaryimage"},"thumbnailUrl":"https:\/\/georgesetfils.be\/wp-content\/uploads\/2019\/03\/wp703616a6_05_06.jpg","datePublished":"2019-03-27T11:13:27+00:00","dateModified":"2019-03-27T11:17:09+00:00","breadcrumb":{"@id":"https:\/\/georgesetfils.be\/de\/letzte-ehre\/#breadcrumb"},"inLanguage":"de","potentialAction":[{"@type":"ReadAction","target":["https:\/\/georgesetfils.be\/de\/letzte-ehre\/"]}]},{"@type":"ImageObject","inLanguage":"de","@id":"https:\/\/georgesetfils.be\/de\/letzte-ehre\/#primaryimage","url":"https:\/\/georgesetfils.be\/wp-content\/uploads\/2019\/03\/wp703616a6_05_06.jpg","contentUrl":"https:\/\/georgesetfils.be\/wp-content\/uploads\/2019\/03\/wp703616a6_05_06.jpg"},{"@type":"BreadcrumbList","@id":"https:\/\/georgesetfils.be\/de\/letzte-ehre\/#breadcrumb","itemListElement":[{"@type":"ListItem","position":1,"name":"Accueil","item":"https:\/\/georgesetfils.be\/de\/"},{"@type":"ListItem","position":2,"name":"LETZTE EHRE"}]},{"@type":"WebSite","@id":"https:\/\/georgesetfils.be\/#website","url":"https:\/\/georgesetfils.be\/","name":"Fun\u00e9rariums Georges et Fils","description":"Organisation de fun\u00e9railles","potentialAction":[{"@type":"SearchAction","target":{"@type":"EntryPoint","urlTemplate":"https:\/\/georgesetfils.be\/?s={search_term_string}"},"query-input":{"@type":"PropertyValueSpecification","valueRequired":true,"valueName":"search_term_string"}}],"inLanguage":"de"}]}},"_links":{"self":[{"href":"https:\/\/georgesetfils.be\/de\/wp-json\/wp\/v2\/pages\/756","targetHints":{"allow":["GET"]}}],"collection":[{"href":"https:\/\/georgesetfils.be\/de\/wp-json\/wp\/v2\/pages"}],"about":[{"href":"https:\/\/georgesetfils.be\/de\/wp-json\/wp\/v2\/types\/page"}],"author":[{"embeddable":true,"href":"https:\/\/georgesetfils.be\/de\/wp-json\/wp\/v2\/users\/3"}],"replies":[{"embeddable":true,"href":"https:\/\/georgesetfils.be\/de\/wp-json\/wp\/v2\/comments?post=756"}],"version-history":[{"count":3,"href":"https:\/\/georgesetfils.be\/de\/wp-json\/wp\/v2\/pages\/756\/revisions"}],"predecessor-version":[{"id":762,"href":"https:\/\/georgesetfils.be\/de\/wp-json\/wp\/v2\/pages\/756\/revisions\/762"}],"wp:attachment":[{"href":"https:\/\/georgesetfils.be\/de\/wp-json\/wp\/v2\/media?parent=756"}],"curies":[{"name":"wp","href":"https:\/\/api.w.org\/{rel}","templated":true}]}}